{"id":1507,"date":"2020-12-08T23:18:38","date_gmt":"2020-12-08T22:18:38","guid":{"rendered":"https:\/\/jadranovo.com\/jadranovo\/"},"modified":"2020-12-15T01:24:09","modified_gmt":"2020-12-15T00:24:09","slug":"jadranovo","status":"publish","type":"page","link":"https:\/\/jadranovo.com\/de\/jadranovo\/","title":{"rendered":"Jadranovo"},"content":{"rendered":"\t\t<div data-elementor-type=\"wp-page\" data-elementor-id=\"1507\" class=\"elementor elementor-1507 elementor-194\" data-elementor-settings=\"[]\">\n\t\t\t\t\t\t<div class=\"elementor-inner\">\n\t\t\t\t\t\t\t<div class=\"elementor-section-wrap\">\n\t\t\t\t\t\t\t<section class=\"elementor-section elementor-top-section elementor-element elementor-element-70fcaca4 wd-section-stretch elementor-section-boxed elementor-section-height-default elementor-section-height-default\" data-id=\"70fcaca4\" data-element_type=\"section\" data-settings=\"{&quot;background_background&quot;:&quot;gradient&quot;}\">\n\t\t\t\t\t\t<div class=\"elementor-container elementor-column-gap-default\">\n\t\t\t\t\t\t\t<div class=\"elementor-row\">\n\t\t\t\t\t<div class=\"elementor-column elementor-col-100 elementor-top-column elementor-element elementor-element-225c9e83\" data-id=\"225c9e83\" data-element_type=\"column\">\n\t\t\t<div class=\"elementor-column-wrap elementor-element-populated\">\n\t\t\t\t\t\t\t<div class=\"elementor-widget-wrap\">\n\t\t\t\t\t\t<div class=\"elementor-element elementor-element-8df6481 elementor-widget elementor-widget-heading\" data-id=\"8df6481\" data-element_type=\"widget\" data-widget_type=\"heading.default\">\n\t\t\t\t<div class=\"elementor-widget-container\">\n\t\t\t<h2 class=\"elementor-heading-title elementor-size-default\">Mehr \u00fcber Jadranovo<\/h2>\t\t<\/div>\n\t\t\t\t<\/div>\n\t\t\t\t<div class=\"elementor-element elementor-element-124545c color-scheme-inherit text-left elementor-widget elementor-widget-text-editor\" data-id=\"124545c\" data-element_type=\"widget\" data-widget_type=\"text-editor.default\">\n\t\t\t\t<div class=\"elementor-widget-container\">\n\t\t\t\t\t\t\t\t<div class=\"elementor-text-editor elementor-clearfix\">\n\t\t\t\t<p>G\u00fcnstige klimatische und geografische Merkmale des K\u00fcstengebiets der Adria haben in der Antike Menschen angezogen. So stammen die \u00e4ltesten bekannten Siedlungsspuren in diesem Gebiet aus der Zeit von 6500 bis 4000 v.<\/p>\t\t\t\t\t<\/div>\n\t\t\t\t\t\t<\/div>\n\t\t\t\t<\/div>\n\t\t\t\t<section class=\"elementor-section elementor-inner-section elementor-element elementor-element-313711d elementor-section-boxed elementor-section-height-default elementor-section-height-default wd-section-disabled\" data-id=\"313711d\" data-element_type=\"section\">\n\t\t\t\t\t\t<div class=\"elementor-container elementor-column-gap-default\">\n\t\t\t\t\t\t\t<div class=\"elementor-row\">\n\t\t\t\t\t<div class=\"elementor-column elementor-col-50 elementor-inner-column elementor-element elementor-element-19244d3\" data-id=\"19244d3\" data-element_type=\"column\">\n\t\t\t<div class=\"elementor-column-wrap elementor-element-populated\">\n\t\t\t\t\t\t\t<div class=\"elementor-widget-wrap\">\n\t\t\t\t\t\t<div class=\"elementor-element elementor-element-80abc67 color-scheme-inherit text-left elementor-widget elementor-widget-text-editor\" data-id=\"80abc67\" data-element_type=\"widget\" data-widget_type=\"text-editor.default\">\n\t\t\t\t<div class=\"elementor-widget-container\">\n\t\t\t\t\t\t\t\t<div class=\"elementor-text-editor elementor-clearfix\">\n\t\t\t\t<p>Zu dieser Zeit wurde die Siedlung auf dem h\u00f6chsten Teil der Halbinsel Havi\u0161\u0107e auf dem H\u00fcgel &#8222;\u010celo&#8220; gebildet, der heute von einem sp\u00e4rlichen Wald bewachsen ist. Diese Lage war aufgrund der leichten Verteidigungsf\u00e4higkeit des Gebiets und der hervorragenden Lage zur \u00dcberwachung der gesamten Meerenge sehr praktisch. Die ersten, die sich dort niederlie\u00dfen, waren indogermanische Siedler, die von der Jagd lebten, Muscheln sammelten, Schnecken sammelten und kleine Rinder z\u00fcchteten.<\/p><p>Zwischen dem 12. und 9. Jahrhundert v. Chr. Lebten in dieser Gegend die Herren der n\u00f6rdlichen Adria, die Liburnier. Sie bauten die Festung &#8222;\u010celo&#8220; auf der Halbinsel Havi\u0161\u0107e mit einem Pier am Fu\u00dfe, der eine ihrer wichtigsten Hochburgen war.<\/p><p>Zu Beginn der neuen \u00c4ra wurde die alte Siedlung aufgegeben, und dann schlossen sich die bereits romanisierten Eingeborenen mit den Siedlern aus Italien zusammen, indem sie neue Siedlungen entlang der r\u00f6mischen Staatsstra\u00dfe und in den Meeresbuchten gr\u00fcndeten.<\/p><p>Zwischen den ersten Jahrzehnten des 7. Jahrhunderts und dem Beginn des 8. Jahrhunderts kam es in diesem Gebiet zu einer neuen Unterbrechung des Lebens, und w\u00e4hrend des 8. und insbesondere in den ersten Jahrzehnten des 9. Jahrhunderts kamen Kroaten aus Norddalmatien, um sich an der K\u00fcste niederzulassen.<\/p>\t\t\t\t\t<\/div>\n\t\t\t\t\t\t<\/div>\n\t\t\t\t<\/div>\n\t\t\t\t\t\t<\/div>\n\t\t\t\t\t<\/div>\n\t\t<\/div>\n\t\t\t\t<div class=\"elementor-column elementor-col-50 elementor-inner-column elementor-element elementor-element-88eb5f4\" data-id=\"88eb5f4\" data-element_type=\"column\">\n\t\t\t<div class=\"elementor-column-wrap elementor-element-populated\">\n\t\t\t\t\t\t\t<div class=\"elementor-widget-wrap\">\n\t\t\t\t\t\t<div class=\"elementor-element elementor-element-3406c1d slika001 elementor-widget elementor-widget-image\" data-id=\"3406c1d\" data-element_type=\"widget\" data-widget_type=\"image.default\">\n\t\t\t\t<div class=\"elementor-widget-container\">\n\t\t\t\t\t\t\t\t<div class=\"elementor-image\">\n\t\t\t\t\t\t\t\t\t\t\t\t<img width=\"1000\" height=\"663\" src=\"https:\/\/jadranovo.com\/wp-content\/uploads\/2020\/12\/jadranovo_panorame_25-min.jpg\" class=\"attachment-large size-large\" alt=\"\" loading=\"lazy\" srcset=\"https:\/\/jadranovo.com\/wp-content\/uploads\/2020\/12\/jadranovo_panorame_25-min.jpg 1000w, https:\/\/jadranovo.com\/wp-content\/uploads\/2020\/12\/jadranovo_panorame_25-min-300x199.jpg 300w, https:\/\/jadranovo.com\/wp-content\/uploads\/2020\/12\/jadranovo_panorame_25-min-768x509.jpg 768w\" sizes=\"(max-width: 1000px) 100vw, 1000px\" \/>\t\t\t\t\t\t\t\t\t\t\t\t\t\t<\/div>\n\t\t\t\t\t\t<\/div>\n\t\t\t\t<\/div>\n\t\t\t\t\t\t<\/div>\n\t\t\t\t\t<\/div>\n\t\t<\/div>\n\t\t\t\t\t\t\t\t<\/div>\n\t\t\t\t\t<\/div>\n\t\t<\/section>\n\t\t\t\t\t\t<\/div>\n\t\t\t\t\t<\/div>\n\t\t<\/div>\n\t\t\t\t\t\t\t\t<\/div>\n\t\t\t\t\t<\/div>\n\t\t<\/section>\n\t\t\t\t\t\t<\/div>\n\t\t\t\t\t\t<\/div>\n\t\t\t\t\t<\/div>\n\t\t","protected":false},"excerpt":{"rendered":"<p>Mehr \u00fcber Jadranovo G\u00fcnstige klimatische und geografische Merkmale des K\u00fcstengebiets der Adria haben in der Antike Menschen angezogen. So stammen<\/p>\n","protected":false},"author":1,"featured_media":0,"parent":0,"menu_order":0,"comment_status":"closed","ping_status":"closed","template":"","meta":[],"_links":{"self":[{"href":"https:\/\/jadranovo.com\/de\/wp-json\/wp\/v2\/pages\/1507"}],"collection":[{"href":"https:\/\/jadranovo.com\/de\/wp-json\/wp\/v2\/pages"}],"about":[{"href":"https:\/\/jadranovo.com\/de\/wp-json\/wp\/v2\/types\/page"}],"author":[{"embeddable":true,"href":"https:\/\/jadranovo.com\/de\/wp-json\/wp\/v2\/users\/1"}],"replies":[{"embeddable":true,"href":"https:\/\/jadranovo.com\/de\/wp-json\/wp\/v2\/comments?post=1507"}],"version-history":[{"count":4,"href":"https:\/\/jadranovo.com\/de\/wp-json\/wp\/v2\/pages\/1507\/revisions"}],"predecessor-version":[{"id":1624,"href":"https:\/\/jadranovo.com\/de\/wp-json\/wp\/v2\/pages\/1507\/revisions\/1624"}],"wp:attachment":[{"href":"https:\/\/jadranovo.com\/de\/wp-json\/wp\/v2\/media?parent=1507"}],"curies":[{"name":"wp","href":"https:\/\/api.w.org\/{rel}","templated":true}]}}