{"id":1519,"date":"2020-12-08T22:42:42","date_gmt":"2020-12-08T21:42:42","guid":{"rendered":"https:\/\/jadranovo.com\/oglasavanje\/"},"modified":"2020-12-15T01:36:38","modified_gmt":"2020-12-15T00:36:38","slug":"werbung","status":"publish","type":"page","link":"https:\/\/jadranovo.com\/de\/werbung\/","title":{"rendered":"Werbung"},"content":{"rendered":"\t\t<div data-elementor-type=\"wp-page\" data-elementor-id=\"1519\" class=\"elementor elementor-1519 elementor-146\" data-elementor-settings=\"[]\">\n\t\t\t\t\t\t<div class=\"elementor-inner\">\n\t\t\t\t\t\t\t<div class=\"elementor-section-wrap\">\n\t\t\t\t\t\t\t<section class=\"elementor-section elementor-top-section elementor-element elementor-element-786b3b1b wd-section-stretch elementor-section-boxed elementor-section-height-default elementor-section-height-default\" data-id=\"786b3b1b\" data-element_type=\"section\" data-settings=\"{&quot;background_background&quot;:&quot;gradient&quot;}\">\n\t\t\t\t\t\t<div class=\"elementor-container elementor-column-gap-default\">\n\t\t\t\t\t\t\t<div class=\"elementor-row\">\n\t\t\t\t\t<div class=\"elementor-column elementor-col-100 elementor-top-column elementor-element elementor-element-74cb11d9\" data-id=\"74cb11d9\" data-element_type=\"column\">\n\t\t\t<div class=\"elementor-column-wrap elementor-element-populated\">\n\t\t\t\t\t\t\t<div class=\"elementor-widget-wrap\">\n\t\t\t\t\t\t<div class=\"elementor-element elementor-element-5cbb1ff5 elementor-widget elementor-widget-heading\" data-id=\"5cbb1ff5\" data-element_type=\"widget\" data-widget_type=\"heading.default\">\n\t\t\t\t<div class=\"elementor-widget-container\">\n\t\t\t<h2 class=\"elementor-heading-title elementor-size-default\">Preisliste f\u00fcr Werbung<\/h2>\t\t<\/div>\n\t\t\t\t<\/div>\n\t\t\t\t<div class=\"elementor-element elementor-element-e0b9ceb color-scheme-inherit text-left elementor-widget elementor-widget-text-editor\" data-id=\"e0b9ceb\" data-element_type=\"widget\" data-widget_type=\"text-editor.default\">\n\t\t\t\t<div class=\"elementor-widget-container\">\n\t\t\t\t\t\t\t\t<div class=\"elementor-text-editor elementor-clearfix\">\n\t\t\t\t<p>Die Online-Buchung von Wohnungen in den letzten Jahren ist die am weitesten verbreitete Form der Auswahl von Reisearrangements. Diese Popularit\u00e4t der Online-Werbung f\u00fcr Unterk\u00fcnfte beruht auf der Tatsache, dass G\u00e4ste und ihre Gastgeber ohne Vermittlung von Agenturen und Erhebung einer Provision direkten Kontakt aufnehmen, was letztendlich zu einem g\u00fcnstigeren Preis f\u00fchrt.<\/p>\t\t\t\t\t<\/div>\n\t\t\t\t\t\t<\/div>\n\t\t\t\t<\/div>\n\t\t\t\t<div class=\"elementor-element elementor-element-0944317 color-scheme-inherit text-left elementor-widget elementor-widget-text-editor\" data-id=\"0944317\" data-element_type=\"widget\" data-widget_type=\"text-editor.default\">\n\t\t\t\t<div class=\"elementor-widget-container\">\n\t\t\t\t\t\t\t\t<div class=\"elementor-text-editor elementor-clearfix\">\n\t\t\t\t<p>Jadranova Online bietet drei grundlegende Benutzerpakete:<\/p>\t\t\t\t\t<\/div>\n\t\t\t\t\t\t<\/div>\n\t\t\t\t<\/div>\n\t\t\t\t<div class=\"elementor-element elementor-element-16b8f86 box04502305023045 elementor-widget elementor-widget-wd_pricing_tables\" data-id=\"16b8f86\" data-element_type=\"widget\" data-widget_type=\"wd_pricing_tables.default\">\n\t\t\t\t<div class=\"elementor-widget-container\">\n\t\t\t\t\t<div class=\"pricing-tables-wrapper\">\n\t\t\t<div class=\"pricing-tables\" >\n\t\t\t\t\t\t\t\t\t\t\t\t\t\t<div class=\"woodmart-price-table price-style-default\">\n\t\t\t\t\t\t<div class=\"woodmart-plan\">\n\t\t\t\t\t\t\t<div class=\"woodmart-plan-name\">\n\t\t\t\t\t\t\t\t<span class=\"woodmart-plan-title\">\n\t\t\t\t\t\t\t\t\t\t\t\t\t\t\t\t\t<\/span>\n\t\t\t\t\t\t\t<\/div>\n\t\t\t\t\t\t<\/div>\n\n\t\t\t\t\t\t<div class=\"woodmart-plan-inner\">\n\t\t\t\t\t\t\t\n\t\t\t\t\t\t\t<div class=\"woodmart-plan-price\" style=\"\">\n\t\t\t\t\t\t\t\t\t\t\t\t\t\t\t\t\n\t\t\t\t\t\t\t\t\t\t\t\t\t\t\t\t\t<span class=\"woodmart-price-value\">\n\t\t\t\t\t\t\t\t\t\tKlein\t\t\t\t\t\t\t\t\t<\/span>\n\t\t\t\t\t\t\t\t\t\t\t\t\t\t\t\t\n\t\t\t\t\t\t\t\t\t\t\t\t\t\t\t\t\t<span class=\"woodmart-price-suffix\">\n\t\t\t\t\t\t\t\t\t\tPreis ist verhandelbar\t\t\t\t\t\t\t\t\t<\/span>\n\t\t\t\t\t\t\t\t\t\t\t\t\t\t\t<\/div>\n\n\t\t\t\t\t\t\t\t\t\t\t\t\t\t\t<div class=\"woodmart-plan-features\">\n\t\t\t\t\t\t\t\t\t\t\t\t\t\t\t\t\t\t\t<div class=\"woodmart-plan-feature\">\n\t\t\t\t\t\t\t\t\t\t\tbis zu 2 Wohneinheiten (Wohnung oder Zimmer)\t\t\t\t\t\t\t\t\t\t<\/div>\n\t\t\t\t\t\t\t\t\t\t\t\t\t\t\t\t\t\t\t<div class=\"woodmart-plan-feature\">\n\t\t\t\t\t\t\t\t\t\t\t5 Bilder des Objekts und 3 Bilder pro Wohneinheit\t\t\t\t\t\t\t\t\t\t<\/div>\n\t\t\t\t\t\t\t\t\t\t\t\t\t\t\t\t\t\t\t<div class=\"woodmart-plan-feature\">\n\t\t\t\t\t\t\t\t\t\t\tBeschreibung des Objekts und eine separate Beschreibung jeder Unterkunftseinheit\t\t\t\t\t\t\t\t\t\t<\/div>\n\t\t\t\t\t\t\t\t\t\t\t\t\t\t\t\t\t<\/div>\n\t\t\t\t\t\t\t\n\t\t\t\t\t\t\t<div class=\"woodmart-plan-footer\">\n\t\t\t\t\t\t\t\t\t\t\t\t\t\t\t\t\t\t\t\t\t\t\t\t\t\t\t<a  href=\"\/de\/kontakt\/\" class=\"button price-plan-btn\">\n\t\t\t\t\t\t\t\t\t\t\tKontaktiere uns\t\t\t\t\t\t\t\t\t\t<\/a>\n\t\t\t\t\t\t\t\t\t\t\t\t\t\t\t\t\t\t\t\t\t\t\t\t<\/div>\n\t\t\t\t\t\t<\/div>\n\t\t\t\t\t<\/div>\n\t\t\t\t\t\t\t\t\t\t\t\t\t\t<div class=\"woodmart-price-table price-style-default price-with-label label-color-red\">\n\t\t\t\t\t\t<div class=\"woodmart-plan\">\n\t\t\t\t\t\t\t<div class=\"woodmart-plan-name\">\n\t\t\t\t\t\t\t\t<span class=\"woodmart-plan-title\">\n\t\t\t\t\t\t\t\t\t\t\t\t\t\t\t\t\t<\/span>\n\t\t\t\t\t\t\t<\/div>\n\t\t\t\t\t\t<\/div>\n\n\t\t\t\t\t\t<div class=\"woodmart-plan-inner\">\n\t\t\t\t\t\t\t\t\t\t\t\t\t\t\t<div class=\"price-label\">\n\t\t\t\t\t\t\t\t\t<span>\n\t\t\t\t\t\t\t\t\t\tPOPUL\u00c4R\t\t\t\t\t\t\t\t\t<\/span>\n\t\t\t\t\t\t\t\t<\/div>\n\t\t\t\t\t\t\t\n\t\t\t\t\t\t\t<div class=\"woodmart-plan-price\" style=\"\">\n\t\t\t\t\t\t\t\t\t\t\t\t\t\t\t\t\n\t\t\t\t\t\t\t\t\t\t\t\t\t\t\t\t\t<span class=\"woodmart-price-value\">\n\t\t\t\t\t\t\t\t\t\tGro\u00dfer\t\t\t\t\t\t\t\t\t<\/span>\n\t\t\t\t\t\t\t\t\t\t\t\t\t\t\t\t\n\t\t\t\t\t\t\t\t\t\t\t\t\t\t\t\t\t<span class=\"woodmart-price-suffix\">\n\t\t\t\t\t\t\t\t\t\tPreis ist verhandelbar\t\t\t\t\t\t\t\t\t<\/span>\n\t\t\t\t\t\t\t\t\t\t\t\t\t\t\t<\/div>\n\n\t\t\t\t\t\t\t\t\t\t\t\t\t\t\t<div class=\"woodmart-plan-features\">\n\t\t\t\t\t\t\t\t\t\t\t\t\t\t\t\t\t\t\t<div class=\"woodmart-plan-feature\">\n\t\t\t\t\t\t\t\t\t\t\t3 bis 5 Wohneinheiten (Wohnung oder Zimmer)\t\t\t\t\t\t\t\t\t\t<\/div>\n\t\t\t\t\t\t\t\t\t\t\t\t\t\t\t\t\t\t\t<div class=\"woodmart-plan-feature\">\n\t\t\t\t\t\t\t\t\t\t\t5 Bilder des Objekts und 3 Bilder pro Wohneinheit\t\t\t\t\t\t\t\t\t\t<\/div>\n\t\t\t\t\t\t\t\t\t\t\t\t\t\t\t\t\t\t\t<div class=\"woodmart-plan-feature\">\n\t\t\t\t\t\t\t\t\t\t\tBeschreibung des Objekts und eine separate Beschreibung jeder Unterkunftseinheit\t\t\t\t\t\t\t\t\t\t<\/div>\n\t\t\t\t\t\t\t\t\t\t\t\t\t\t\t\t\t<\/div>\n\t\t\t\t\t\t\t\n\t\t\t\t\t\t\t<div class=\"woodmart-plan-footer\">\n\t\t\t\t\t\t\t\t\t\t\t\t\t\t\t\t\t\t\t\t\t\t\t\t\t\t\t<a  href=\"\/de\/kontakt\/\" class=\"button price-plan-btn\">\n\t\t\t\t\t\t\t\t\t\t\tKontaktiere uns\t\t\t\t\t\t\t\t\t\t<\/a>\n\t\t\t\t\t\t\t\t\t\t\t\t\t\t\t\t\t\t\t\t\t\t\t\t<\/div>\n\t\t\t\t\t\t<\/div>\n\t\t\t\t\t<\/div>\n\t\t\t\t\t\t\t\t\t\t\t\t\t\t<div class=\"woodmart-price-table price-style-default\">\n\t\t\t\t\t\t<div class=\"woodmart-plan\">\n\t\t\t\t\t\t\t<div class=\"woodmart-plan-name\">\n\t\t\t\t\t\t\t\t<span class=\"woodmart-plan-title\">\n\t\t\t\t\t\t\t\t\t\t\t\t\t\t\t\t\t<\/span>\n\t\t\t\t\t\t\t<\/div>\n\t\t\t\t\t\t<\/div>\n\n\t\t\t\t\t\t<div class=\"woodmart-plan-inner\">\n\t\t\t\t\t\t\t\n\t\t\t\t\t\t\t<div class=\"woodmart-plan-price\" style=\"\">\n\t\t\t\t\t\t\t\t\t\t\t\t\t\t\t\t\n\t\t\t\t\t\t\t\t\t\t\t\t\t\t\t\t\t<span class=\"woodmart-price-value\">\n\t\t\t\t\t\t\t\t\t\tGro\u00dfes Plus\t\t\t\t\t\t\t\t\t<\/span>\n\t\t\t\t\t\t\t\t\t\t\t\t\t\t\t\t\n\t\t\t\t\t\t\t\t\t\t\t\t\t\t\t\t\t<span class=\"woodmart-price-suffix\">\n\t\t\t\t\t\t\t\t\t\tPreis ist verhandelbar\t\t\t\t\t\t\t\t\t<\/span>\n\t\t\t\t\t\t\t\t\t\t\t\t\t\t\t<\/div>\n\n\t\t\t\t\t\t\t\t\t\t\t\t\t\t\t<div class=\"woodmart-plan-features\">\n\t\t\t\t\t\t\t\t\t\t\t\t\t\t\t\t\t\t\t<div class=\"woodmart-plan-feature\">\n\t\t\t\t\t\t\t\t\t\t\tmehr als 5 Wohneinheiten (Wohnung oder Zimmer)\t\t\t\t\t\t\t\t\t\t<\/div>\n\t\t\t\t\t\t\t\t\t\t\t\t\t\t\t\t\t\t\t<div class=\"woodmart-plan-feature\">\n\t\t\t\t\t\t\t\t\t\t\t5 Bilder des Objekts und 3 Bilder pro Wohneinheit\t\t\t\t\t\t\t\t\t\t<\/div>\n\t\t\t\t\t\t\t\t\t\t\t\t\t\t\t\t\t\t\t<div class=\"woodmart-plan-feature\">\n\t\t\t\t\t\t\t\t\t\t\tBeschreibung des Objekts und eine separate Beschreibung jeder Unterkunftseinheit\t\t\t\t\t\t\t\t\t\t<\/div>\n\t\t\t\t\t\t\t\t\t\t\t\t\t\t\t\t\t<\/div>\n\t\t\t\t\t\t\t\n\t\t\t\t\t\t\t<div class=\"woodmart-plan-footer\">\n\t\t\t\t\t\t\t\t\t\t\t\t\t\t\t\t\t\t\t\t\t\t\t\t\t\t\t<a  href=\"\/de\/kontakt\/\" class=\"button price-plan-btn\">\n\t\t\t\t\t\t\t\t\t\t\tKontaktiere uns\t\t\t\t\t\t\t\t\t\t<\/a>\n\t\t\t\t\t\t\t\t\t\t\t\t\t\t\t\t\t\t\t\t\t\t\t\t<\/div>\n\t\t\t\t\t\t<\/div>\n\t\t\t\t\t<\/div>\n\t\t\t\t\t\t\t<\/div>\n\t\t<\/div>\n\t\t\n\t\t\t\t<\/div>\n\t\t\t\t<\/div>\n\t\t\t\t<div class=\"elementor-element elementor-element-578cb14b color-scheme-inherit text-left elementor-widget elementor-widget-text-editor\" data-id=\"578cb14b\" data-element_type=\"widget\" data-widget_type=\"text-editor.default\">\n\t\t\t\t<div class=\"elementor-widget-container\">\n\t\t\t\t\t\t\t\t<div class=\"elementor-text-editor elementor-clearfix\">\n\t\t\t\t<p>Werbetreibende kontaktieren G\u00e4ste unabh\u00e4ngig per Telefon, Fax oder E-Mail, die in der Anzeige aufgef\u00fchrt sind. Jadranovo Online erhebt keine Provision f\u00fcr Reservierungen und Besuche.<\/p>\t\t\t\t\t<\/div>\n\t\t\t\t\t\t<\/div>\n\t\t\t\t<\/div>\n\t\t\t\t\t\t<\/div>\n\t\t\t\t\t<\/div>\n\t\t<\/div>\n\t\t\t\t\t\t\t\t<\/div>\n\t\t\t\t\t<\/div>\n\t\t<\/section>\n\t\t\t\t\t\t<\/div>\n\t\t\t\t\t\t<\/div>\n\t\t\t\t\t<\/div>\n\t\t","protected":false},"excerpt":{"rendered":"<p>Preisliste f\u00fcr Werbung Die Online-Buchung von Wohnungen in den letzten Jahren ist die am weitesten verbreitete Form der Auswahl von<\/p>\n","protected":false},"author":1,"featured_media":0,"parent":0,"menu_order":0,"comment_status":"closed","ping_status":"closed","template":"","meta":[],"_links":{"self":[{"href":"https:\/\/jadranovo.com\/de\/wp-json\/wp\/v2\/pages\/1519"}],"collection":[{"href":"https:\/\/jadranovo.com\/de\/wp-json\/wp\/v2\/pages"}],"about":[{"href":"https:\/\/jadranovo.com\/de\/wp-json\/wp\/v2\/types\/page"}],"author":[{"embeddable":true,"href":"https:\/\/jadranovo.com\/de\/wp-json\/wp\/v2\/users\/1"}],"replies":[{"embeddable":true,"href":"https:\/\/jadranovo.com\/de\/wp-json\/wp\/v2\/comments?post=1519"}],"version-history":[{"count":5,"href":"https:\/\/jadranovo.com\/de\/wp-json\/wp\/v2\/pages\/1519\/revisions"}],"predecessor-version":[{"id":1637,"href":"https:\/\/jadranovo.com\/de\/wp-json\/wp\/v2\/pages\/1519\/revisions\/1637"}],"wp:attachment":[{"href":"https:\/\/jadranovo.com\/de\/wp-json\/wp\/v2\/media?parent=1519"}],"curies":[{"name":"wp","href":"https:\/\/api.w.org\/{rel}","templated":true}]}}