{"id":1538,"date":"2020-12-10T13:29:35","date_gmt":"2020-12-10T12:29:35","guid":{"rendered":"https:\/\/jadranovo.com\/dolazak-automobilom\/"},"modified":"2020-12-15T01:38:54","modified_gmt":"2020-12-15T00:38:54","slug":"anreise-mit-dem-auto","status":"publish","type":"page","link":"https:\/\/jadranovo.com\/de\/anreise-mit-dem-auto\/","title":{"rendered":"Anreise mit dem Auto"},"content":{"rendered":"\t\t<div data-elementor-type=\"wp-page\" data-elementor-id=\"1538\" class=\"elementor elementor-1538 elementor-1202\" data-elementor-settings=\"[]\">\n\t\t\t\t\t\t<div class=\"elementor-inner\">\n\t\t\t\t\t\t\t<div class=\"elementor-section-wrap\">\n\t\t\t\t\t\t\t<section class=\"elementor-section elementor-top-section elementor-element elementor-element-ad83c06 wd-section-stretch elementor-section-boxed elementor-section-height-default elementor-section-height-default\" data-id=\"ad83c06\" data-element_type=\"section\" data-settings=\"{&quot;background_background&quot;:&quot;gradient&quot;}\">\n\t\t\t\t\t\t<div class=\"elementor-container elementor-column-gap-default\">\n\t\t\t\t\t\t\t<div class=\"elementor-row\">\n\t\t\t\t\t<div class=\"elementor-column elementor-col-50 elementor-top-column elementor-element elementor-element-477af2c\" data-id=\"477af2c\" data-element_type=\"column\">\n\t\t\t<div class=\"elementor-column-wrap elementor-element-populated\">\n\t\t\t\t\t\t\t<div class=\"elementor-widget-wrap\">\n\t\t\t\t\t\t<div class=\"elementor-element elementor-element-bafc48a elementor-widget elementor-widget-heading\" data-id=\"bafc48a\" data-element_type=\"widget\" data-widget_type=\"heading.default\">\n\t\t\t\t<div class=\"elementor-widget-container\">\n\t\t\t<h2 class=\"elementor-heading-title elementor-size-default\">Anreise mit dem Auto<\/h2>\t\t<\/div>\n\t\t\t\t<\/div>\n\t\t\t\t<div class=\"elementor-element elementor-element-942ae6e elementor-widget elementor-widget-heading\" data-id=\"942ae6e\" data-element_type=\"widget\" data-widget_type=\"heading.default\">\n\t\t\t\t<div class=\"elementor-widget-container\">\n\t\t\t<h3 class=\"elementor-heading-title elementor-size-default\">Stra\u00dfenrouten<\/h3>\t\t<\/div>\n\t\t\t\t<\/div>\n\t\t\t\t<div class=\"elementor-element elementor-element-77babd1 color-scheme-inherit text-left elementor-widget elementor-widget-text-editor\" data-id=\"77babd1\" data-element_type=\"widget\" data-widget_type=\"text-editor.default\">\n\t\t\t\t<div class=\"elementor-widget-container\">\n\t\t\t\t\t\t\t\t<div class=\"elementor-text-editor elementor-clearfix\">\n\t\t\t\t<p>G\u00e4ste, die aus europ\u00e4ischen L\u00e4ndern nach Jadranovo kommen, k\u00f6nnen die folgenden Stra\u00dfenrouten nutzen: Triest-Rijeka-Crikvenica (Jadranovo) und Zagreb-Karlovac-Delnice-Crikvenica (Jadranovo). Jadranovo liegt neben der Adria und 35 km von Rijeka und nur 9 km von Crikvenica entfernt. Der Ort selbst kann \u00fcber zwei Abzweigungen von der Adria aus betreten werden.<\/p>\t\t\t\t\t<\/div>\n\t\t\t\t\t\t<\/div>\n\t\t\t\t<\/div>\n\t\t\t\t\t\t<\/div>\n\t\t\t\t\t<\/div>\n\t\t<\/div>\n\t\t\t\t<div class=\"elementor-column elementor-col-50 elementor-top-column elementor-element elementor-element-ba40f0e\" data-id=\"ba40f0e\" data-element_type=\"column\">\n\t\t\t<div class=\"elementor-column-wrap elementor-element-populated\">\n\t\t\t\t\t\t\t<div class=\"elementor-widget-wrap\">\n\t\t\t\t\t\t<div class=\"elementor-element elementor-element-5163a53 slika001 elementor-widget elementor-widget-image\" data-id=\"5163a53\" data-element_type=\"widget\" data-widget_type=\"image.default\">\n\t\t\t\t<div class=\"elementor-widget-container\">\n\t\t\t\t\t\t\t\t<div class=\"elementor-image\">\n\t\t\t\t\t\t\t\t\t\t\t\t<img width=\"1024\" height=\"683\" src=\"https:\/\/jadranovo.com\/wp-content\/uploads\/2020\/12\/cestovni-pravci-min-1024x683.jpg\" class=\"attachment-large size-large\" alt=\"\" loading=\"lazy\" srcset=\"https:\/\/jadranovo.com\/wp-content\/uploads\/2020\/12\/cestovni-pravci-min-1024x683.jpg 1024w, https:\/\/jadranovo.com\/wp-content\/uploads\/2020\/12\/cestovni-pravci-min-300x200.jpg 300w, https:\/\/jadranovo.com\/wp-content\/uploads\/2020\/12\/cestovni-pravci-min-768x512.jpg 768w, https:\/\/jadranovo.com\/wp-content\/uploads\/2020\/12\/cestovni-pravci-min.jpg 1200w\" sizes=\"(max-width: 1024px) 100vw, 1024px\" \/>\t\t\t\t\t\t\t\t\t\t\t\t\t\t<\/div>\n\t\t\t\t\t\t<\/div>\n\t\t\t\t<\/div>\n\t\t\t\t\t\t<\/div>\n\t\t\t\t\t<\/div>\n\t\t<\/div>\n\t\t\t\t\t\t\t\t<\/div>\n\t\t\t\t\t<\/div>\n\t\t<\/section>\n\t\t\t\t<section class=\"elementor-section elementor-top-section elementor-element elementor-element-2bf0ca8 wd-section-stretch elementor-section-boxed elementor-section-height-default elementor-section-height-default\" data-id=\"2bf0ca8\" data-element_type=\"section\">\n\t\t\t\t\t\t<div class=\"elementor-container elementor-column-gap-default\">\n\t\t\t\t\t\t\t<div class=\"elementor-row\">\n\t\t\t\t\t<div class=\"elementor-column elementor-col-100 elementor-top-column elementor-element elementor-element-0430357\" data-id=\"0430357\" data-element_type=\"column\">\n\t\t\t<div class=\"elementor-column-wrap elementor-element-populated\">\n\t\t\t\t\t\t\t<div class=\"elementor-widget-wrap\">\n\t\t\t\t\t\t<div class=\"elementor-element elementor-element-3059ac3 elementor-widget elementor-widget-heading\" data-id=\"3059ac3\" data-element_type=\"widget\" data-widget_type=\"heading.default\">\n\t\t\t\t<div class=\"elementor-widget-container\">\n\t\t\t<h3 class=\"elementor-heading-title elementor-size-default\">Informationen und Regeln im Stra\u00dfenverkehr<\/h3>\t\t<\/div>\n\t\t\t\t<\/div>\n\t\t\t\t<div class=\"elementor-element elementor-element-a9683b3 color-scheme-inherit text-left elementor-widget elementor-widget-text-editor\" data-id=\"a9683b3\" data-element_type=\"widget\" data-widget_type=\"text-editor.default\">\n\t\t\t\t<div class=\"elementor-widget-container\">\n\t\t\t\t\t\t\t\t<div class=\"elementor-text-editor elementor-clearfix\">\n\t\t\t\t<p>Um ein Auto zu fahren, ben\u00f6tigen Ausl\u00e4nder einen g\u00fcltigen F\u00fchrerschein und eine Bescheinigung \u00fcber eine g\u00fcltige Kfz-Versicherung. In Kroatien fahren Sie auf der rechten Seite. Die Geschwindigkeitsbegrenzungen betragen 130 km \/ h auf Autobahnen und Halbautobahnen, 50 km \/ h in besiedelten Gebieten und 80 km \/ h au\u00dferhalb besiedelter Gebiete. Das Tempolimit f\u00fcr Autos mit Anh\u00e4nger betr\u00e4gt 80 km \/ h. Die zul\u00e4ssige Grenze f\u00fcr Blutalkohol liegt bei 0,5 ppm.<\/p><p>Der kroatische Autoclub (HAK) ist f\u00fcr die Pannenhilfe zust\u00e4ndig, deren Bereitschaftsservice ab 987 rund um die Uhr verf\u00fcgbar ist. Informationen zu Maut und Maut sowie alle weiteren Informationen zur Stra\u00dfenlage, zu den Kraftstoffpreisen und zum Stra\u00dfenverkehr in Kroatien finden Sie unter Adresse www.hak.hr oder per Infotelefon +385 (1) 464 08 00.<\/p>\t\t\t\t\t<\/div>\n\t\t\t\t\t\t<\/div>\n\t\t\t\t<\/div>\n\t\t\t\t<section class=\"elementor-section elementor-inner-section elementor-element elementor-element-35ba0d5 elementor-section-boxed elementor-section-height-default elementor-section-height-default wd-section-disabled\" data-id=\"35ba0d5\" data-element_type=\"section\">\n\t\t\t\t\t\t<div class=\"elementor-container elementor-column-gap-default\">\n\t\t\t\t\t\t\t<div class=\"elementor-row\">\n\t\t\t\t\t<div class=\"elementor-column elementor-col-50 elementor-inner-column elementor-element elementor-element-f64cd6d\" data-id=\"f64cd6d\" data-element_type=\"column\">\n\t\t\t<div class=\"elementor-column-wrap elementor-element-populated\">\n\t\t\t\t\t\t\t<div class=\"elementor-widget-wrap\">\n\t\t\t\t\t\t<div class=\"elementor-element elementor-element-c93e4a1 elementor-widget elementor-widget-heading\" data-id=\"c93e4a1\" data-element_type=\"widget\" data-widget_type=\"heading.default\">\n\t\t\t\t<div class=\"elementor-widget-container\">\n\t\t\t<h3 class=\"elementor-heading-title elementor-size-default\">Autovermietungen und Taxiservice<\/h3>\t\t<\/div>\n\t\t\t\t<\/div>\n\t\t\t\t<div class=\"elementor-element elementor-element-092c866 color-scheme-inherit text-left elementor-widget elementor-widget-text-editor\" data-id=\"092c866\" data-element_type=\"widget\" data-widget_type=\"text-editor.default\">\n\t\t\t\t<div class=\"elementor-widget-container\">\n\t\t\t\t\t\t\t\t<div class=\"elementor-text-editor elementor-clearfix\">\n\t\t\t\t<p>Der Taxiservice von Rijeka ist rund um die Uhr ge\u00f6ffnet und befindet sich in \u017dabica 1.<\/p><p>Informationen erhalten Sie unter der Rufnummer +385 (51) 335 138 (417). In Rijeka sowie in allen anderen kroatischen St\u00e4dten gibt es Niederlassungen internationaler Mietwagenagenturen. Eine Liste dieser Agenturen sowie deren Adressen und Telefonnummern finden Sie unter der Adresse der Mietwagenagentur.<\/p>\t\t\t\t\t<\/div>\n\t\t\t\t\t\t<\/div>\n\t\t\t\t<\/div>\n\t\t\t\t\t\t<\/div>\n\t\t\t\t\t<\/div>\n\t\t<\/div>\n\t\t\t\t<div class=\"elementor-column elementor-col-50 elementor-inner-column elementor-element elementor-element-65ea954\" data-id=\"65ea954\" data-element_type=\"column\">\n\t\t\t<div class=\"elementor-column-wrap elementor-element-populated\">\n\t\t\t\t\t\t\t<div class=\"elementor-widget-wrap\">\n\t\t\t\t\t\t<div class=\"elementor-element elementor-element-3d0a5ca slika001 elementor-widget elementor-widget-image\" data-id=\"3d0a5ca\" data-element_type=\"widget\" data-widget_type=\"image.default\">\n\t\t\t\t<div class=\"elementor-widget-container\">\n\t\t\t\t\t\t\t\t<div class=\"elementor-image\">\n\t\t\t\t\t\t\t\t\t\t\t\t<img width=\"1024\" height=\"683\" src=\"https:\/\/jadranovo.com\/wp-content\/uploads\/2020\/12\/taxi-min-1024x683.jpg\" class=\"attachment-large size-large\" alt=\"\" loading=\"lazy\" srcset=\"https:\/\/jadranovo.com\/wp-content\/uploads\/2020\/12\/taxi-min-1024x683.jpg 1024w, https:\/\/jadranovo.com\/wp-content\/uploads\/2020\/12\/taxi-min-300x200.jpg 300w, https:\/\/jadranovo.com\/wp-content\/uploads\/2020\/12\/taxi-min-768x512.jpg 768w, https:\/\/jadranovo.com\/wp-content\/uploads\/2020\/12\/taxi-min.jpg 1200w\" sizes=\"(max-width: 1024px) 100vw, 1024px\" \/>\t\t\t\t\t\t\t\t\t\t\t\t\t\t<\/div>\n\t\t\t\t\t\t<\/div>\n\t\t\t\t<\/div>\n\t\t\t\t\t\t<\/div>\n\t\t\t\t\t<\/div>\n\t\t<\/div>\n\t\t\t\t\t\t\t\t<\/div>\n\t\t\t\t\t<\/div>\n\t\t<\/section>\n\t\t\t\t\t\t<\/div>\n\t\t\t\t\t<\/div>\n\t\t<\/div>\n\t\t\t\t\t\t\t\t<\/div>\n\t\t\t\t\t<\/div>\n\t\t<\/section>\n\t\t\t\t\t\t<\/div>\n\t\t\t\t\t\t<\/div>\n\t\t\t\t\t<\/div>\n\t\t","protected":false},"excerpt":{"rendered":"<p>Anreise mit dem Auto Stra\u00dfenrouten G\u00e4ste, die aus europ\u00e4ischen L\u00e4ndern nach Jadranovo kommen, k\u00f6nnen die folgenden Stra\u00dfenrouten nutzen: Triest-Rijeka-Crikvenica (Jadranovo)<\/p>\n","protected":false},"author":1,"featured_media":0,"parent":0,"menu_order":0,"comment_status":"closed","ping_status":"closed","template":"elementor_header_footer","meta":[],"_links":{"self":[{"href":"https:\/\/jadranovo.com\/de\/wp-json\/wp\/v2\/pages\/1538"}],"collection":[{"href":"https:\/\/jadranovo.com\/de\/wp-json\/wp\/v2\/pages"}],"about":[{"href":"https:\/\/jadranovo.com\/de\/wp-json\/wp\/v2\/types\/page"}],"author":[{"embeddable":true,"href":"https:\/\/jadranovo.com\/de\/wp-json\/wp\/v2\/users\/1"}],"replies":[{"embeddable":true,"href":"https:\/\/jadranovo.com\/de\/wp-json\/wp\/v2\/comments?post=1538"}],"version-history":[{"count":4,"href":"https:\/\/jadranovo.com\/de\/wp-json\/wp\/v2\/pages\/1538\/revisions"}],"predecessor-version":[{"id":1641,"href":"https:\/\/jadranovo.com\/de\/wp-json\/wp\/v2\/pages\/1538\/revisions\/1641"}],"wp:attachment":[{"href":"https:\/\/jadranovo.com\/de\/wp-json\/wp\/v2\/media?parent=1538"}],"curies":[{"name":"wp","href":"https:\/\/api.w.org\/{rel}","templated":true}]}}