{"id":1544,"date":"2020-12-10T13:31:50","date_gmt":"2020-12-10T12:31:50","guid":{"rendered":"https:\/\/jadranovo.com\/dolazak-autobusom\/"},"modified":"2020-12-15T01:40:56","modified_gmt":"2020-12-15T00:40:56","slug":"anreise-mit-dem-bus","status":"publish","type":"page","link":"https:\/\/jadranovo.com\/de\/anreise-mit-dem-bus\/","title":{"rendered":"Anreise mit dem Bus"},"content":{"rendered":"\t\t<div data-elementor-type=\"wp-page\" data-elementor-id=\"1544\" class=\"elementor elementor-1544 elementor-1207\" data-elementor-settings=\"[]\">\n\t\t\t\t\t\t<div class=\"elementor-inner\">\n\t\t\t\t\t\t\t<div class=\"elementor-section-wrap\">\n\t\t\t\t\t\t\t<section class=\"elementor-section elementor-top-section elementor-element elementor-element-da32b56 wd-section-stretch elementor-section-boxed elementor-section-height-default elementor-section-height-default\" data-id=\"da32b56\" data-element_type=\"section\" data-settings=\"{&quot;background_background&quot;:&quot;gradient&quot;}\">\n\t\t\t\t\t\t<div class=\"elementor-container elementor-column-gap-default\">\n\t\t\t\t\t\t\t<div class=\"elementor-row\">\n\t\t\t\t\t<div class=\"elementor-column elementor-col-100 elementor-top-column elementor-element elementor-element-b5af98e\" data-id=\"b5af98e\" data-element_type=\"column\">\n\t\t\t<div class=\"elementor-column-wrap elementor-element-populated\">\n\t\t\t\t\t\t\t<div class=\"elementor-widget-wrap\">\n\t\t\t\t\t\t<div class=\"elementor-element elementor-element-93d69ff elementor-widget elementor-widget-heading\" data-id=\"93d69ff\" data-element_type=\"widget\" data-widget_type=\"heading.default\">\n\t\t\t\t<div class=\"elementor-widget-container\">\n\t\t\t<h2 class=\"elementor-heading-title elementor-size-default\">Anreise mit dem Bus<\/h2>\t\t<\/div>\n\t\t\t\t<\/div>\n\t\t\t\t<section class=\"elementor-section elementor-inner-section elementor-element elementor-element-f18dc7a elementor-section-content-middle elementor-section-boxed elementor-section-height-default elementor-section-height-default wd-section-disabled\" data-id=\"f18dc7a\" data-element_type=\"section\">\n\t\t\t\t\t\t<div class=\"elementor-container elementor-column-gap-default\">\n\t\t\t\t\t\t\t<div class=\"elementor-row\">\n\t\t\t\t\t<div class=\"elementor-column elementor-col-50 elementor-inner-column elementor-element elementor-element-71c8962\" data-id=\"71c8962\" data-element_type=\"column\">\n\t\t\t<div class=\"elementor-column-wrap elementor-element-populated\">\n\t\t\t\t\t\t\t<div class=\"elementor-widget-wrap\">\n\t\t\t\t\t\t<div class=\"elementor-element elementor-element-4e84ef4 color-scheme-inherit text-left elementor-widget elementor-widget-text-editor\" data-id=\"4e84ef4\" data-element_type=\"widget\" data-widget_type=\"text-editor.default\">\n\t\t\t\t<div class=\"elementor-widget-container\">\n\t\t\t\t\t\t\t\t<div class=\"elementor-text-editor elementor-clearfix\">\n\t\t\t\t<p>Jadranovo ist durch Intercity-Buslinien mit Rijeka und Crikvenica verbunden, und alle Busse, die \u00fcber die Adria in Richtung Rijeka oder Split fahren, halten am Eingang des Ortes. Die Bushaltestelle an der Hauptstra\u00dfe liegt 1,5 km vom Zentrum von Jadranovo entfernt, das zu Fu\u00df erreichbar ist (ca. 15-20 Minuten).<\/p><p>Gro\u00dfe kroatische St\u00e4dte (Zagreb, Split, Rijeka und Osijek) sind durch Buslinien sehr gut mit den europ\u00e4ischen Nachbarl\u00e4ndern verbunden, und der inl\u00e4ndische Busverkehr ist besonders im Sommer sehr intensiv.<br \/>Informationen zu nationalen und internationalen Buslinien erhalten Sie unter folgenden Adressen und Infotelefonen:<\/p>\t\t\t\t\t<\/div>\n\t\t\t\t\t\t<\/div>\n\t\t\t\t<\/div>\n\t\t\t\t\t\t<\/div>\n\t\t\t\t\t<\/div>\n\t\t<\/div>\n\t\t\t\t<div class=\"elementor-column elementor-col-50 elementor-inner-column elementor-element elementor-element-dd536a1\" data-id=\"dd536a1\" data-element_type=\"column\">\n\t\t\t<div class=\"elementor-column-wrap elementor-element-populated\">\n\t\t\t\t\t\t\t<div class=\"elementor-widget-wrap\">\n\t\t\t\t\t\t<div class=\"elementor-element elementor-element-1678e30 slika001 elementor-widget elementor-widget-image\" data-id=\"1678e30\" data-element_type=\"widget\" data-widget_type=\"image.default\">\n\t\t\t\t<div class=\"elementor-widget-container\">\n\t\t\t\t\t\t\t\t<div class=\"elementor-image\">\n\t\t\t\t\t\t\t\t\t\t\t\t<img width=\"1024\" height=\"677\" src=\"https:\/\/jadranovo.com\/wp-content\/uploads\/2020\/12\/bus-min-1024x677.jpg\" class=\"attachment-large size-large\" alt=\"\" loading=\"lazy\" srcset=\"https:\/\/jadranovo.com\/wp-content\/uploads\/2020\/12\/bus-min-1024x677.jpg 1024w, https:\/\/jadranovo.com\/wp-content\/uploads\/2020\/12\/bus-min-300x198.jpg 300w, https:\/\/jadranovo.com\/wp-content\/uploads\/2020\/12\/bus-min-768x508.jpg 768w, https:\/\/jadranovo.com\/wp-content\/uploads\/2020\/12\/bus-min-1536x1016.jpg 1536w, https:\/\/jadranovo.com\/wp-content\/uploads\/2020\/12\/bus-min.jpg 1600w\" sizes=\"(max-width: 1024px) 100vw, 1024px\" \/>\t\t\t\t\t\t\t\t\t\t\t\t\t\t<\/div>\n\t\t\t\t\t\t<\/div>\n\t\t\t\t<\/div>\n\t\t\t\t\t\t<\/div>\n\t\t\t\t\t<\/div>\n\t\t<\/div>\n\t\t\t\t\t\t\t\t<\/div>\n\t\t\t\t\t<\/div>\n\t\t<\/section>\n\t\t\t\t\t\t<\/div>\n\t\t\t\t\t<\/div>\n\t\t<\/div>\n\t\t\t\t\t\t\t\t<\/div>\n\t\t\t\t\t<\/div>\n\t\t<\/section>\n\t\t\t\t<section class=\"elementor-section elementor-top-section elementor-element elementor-element-7e2b2ee elementor-section-boxed elementor-section-height-default elementor-section-height-default wd-section-disabled\" data-id=\"7e2b2ee\" data-element_type=\"section\">\n\t\t\t\t\t\t<div class=\"elementor-container elementor-column-gap-default\">\n\t\t\t\t\t\t\t<div class=\"elementor-row\">\n\t\t\t\t\t<div class=\"elementor-column elementor-col-100 elementor-top-column elementor-element elementor-element-a845cd8\" data-id=\"a845cd8\" data-element_type=\"column\">\n\t\t\t<div class=\"elementor-column-wrap elementor-element-populated\">\n\t\t\t\t\t\t\t<div class=\"elementor-widget-wrap\">\n\t\t\t\t\t\t<div class=\"elementor-element elementor-element-d5654db elementor-widget elementor-widget-Table\" data-id=\"d5654db\" data-element_type=\"widget\" data-widget_type=\"Table.default\">\n\t\t\t\t<div class=\"elementor-widget-container\">\n\t\t\t\t\t<table class=\"tafe-table\">\n\t\t\t<thead  class=\"tafe-table-header\">\n\t\t\t\t<tr>\n\t\t\t\t\t<th class=\"elementor-inline-editing elementor-repeater-item-b03eeab\"   >Bahnhof<\/th><th class=\"elementor-inline-editing elementor-repeater-item-c7bda4e\"   >Adresse<\/th><th class=\"elementor-inline-editing elementor-repeater-item-0daae59\"   >Info Telefon<\/th>\t\t\t\t<\/tr>\n\t\t\t<\/thead>\n\t\t\t<tbody class=\"tafe-table-body\">\n\t\t\t\t<tr>\n\t\t\t\t\t<td   class=\"elementor-repeater-item-b1e7eb8\" >ZAGREB\n<\/td><td   class=\"elementor-repeater-item-c54efa6\" >Av. Marina Dr\u017ei\u0107a 4<\/td><td   class=\"elementor-repeater-item-2602503\" >+385 (60) 31 33 33\n<\/td><\/tr><tr><td   class=\"elementor-repeater-item-e70d3e0\" >RIJEKA<\/td><td   class=\"elementor-repeater-item-019cf58\" >\u017dabica 1<\/td><td   class=\"elementor-repeater-item-86ecc8c\" >+385 (51) 21 38 21\n<\/td><\/tr><tr><td   class=\"elementor-repeater-item-ef9b9ad\" >SPLIT<\/td><td   class=\"elementor-repeater-item-a7f3259\" >Obala Kneza Domagoja 12<\/td><td   class=\"elementor-repeater-item-16358cb\" >+385 (21) 33 85 30\n<\/td><\/tr><tr><td   class=\"elementor-repeater-item-0199e56\" >OSIJEK<\/td><td   class=\"elementor-repeater-item-abf7df7\" >Bartola Ka\u0161i\u0107a 70<\/td><td   class=\"elementor-repeater-item-8deefc4\" >+385 (31) 21 43 55<\/td><\/tr><tr><td   class=\"elementor-repeater-item-f86d07b\" >\u0160IBENIK<\/td><td   class=\"elementor-repeater-item-7d2a061\" >Drage 14<\/td><td   class=\"elementor-repeater-item-1a19773\" >+385 (22) 21 60 66\n<\/td><\/tr><tr><td   class=\"elementor-repeater-item-ccf6735\" >ZADAR<\/td><td   class=\"elementor-repeater-item-269eefe\" >Ante Star\u010devi\u0107a 1\n<\/td><td   class=\"elementor-repeater-item-1376a7f\" >+385 (23) 31 32 87\n<\/td><\/tr><tr><td   class=\"elementor-repeater-item-245a702\" >DUBROVNIK<\/td><td   class=\"elementor-repeater-item-8be63d7\" >Put Republike 38<\/td><td   class=\"elementor-repeater-item-10f1e77\" >+385 (20) 35 70 88<\/td><\/tr><tr><td   class=\"elementor-repeater-item-4027c5b\" >TROGIR<\/td><td   class=\"elementor-repeater-item-dfb6f11\" >Kneza Trpimira 2<\/td><td   class=\"elementor-repeater-item-127ad91\" >+385 (21) 88 14 05\n<\/td><\/tr><tr><td   class=\"elementor-repeater-item-2ac075c\" >KARLOVAC<\/td><td   class=\"elementor-repeater-item-d36dc7d\" >Veceslava Holjevca 2\n<\/td><td   class=\"elementor-repeater-item-b65f849\" >+385 (47) 61 47 00\n<\/td><\/tr><tr><td   class=\"elementor-repeater-item-d6e1c36\" >ROVINJ<\/td><td   class=\"elementor-repeater-item-a8d58db\" >Trg na lokvi 6\n<\/td><td   class=\"elementor-repeater-item-d69b48a\" >+385 (52) 81 14 53\n<\/td><\/tr><tr><td   class=\"elementor-repeater-item-5803e44\" >POREC<\/td><td   class=\"elementor-repeater-item-49ba9d8\" >Karla Huguesa 2\n<\/td><td   class=\"elementor-repeater-item-f57489c\" >+385 (52) 43 21 53\n<\/td><\/tr><tr><td   class=\"elementor-repeater-item-e35512b\" >PULA<\/td><td   class=\"elementor-repeater-item-f70ec5c\" >Istarske brigade bb<\/td><td   class=\"elementor-repeater-item-c94093b\" >+385 (52) 50 00 25<\/td>\t\t\t\t<\/tr>\n\t\t\t<\/tbody>\n\t\t<\/table>\n\t\t\n\t\t\t\t<\/div>\n\t\t\t\t<\/div>\n\t\t\t\t\t\t<\/div>\n\t\t\t\t\t<\/div>\n\t\t<\/div>\n\t\t\t\t\t\t\t\t<\/div>\n\t\t\t\t\t<\/div>\n\t\t<\/section>\n\t\t\t\t\t\t<\/div>\n\t\t\t\t\t\t<\/div>\n\t\t\t\t\t<\/div>\n\t\t","protected":false},"excerpt":{"rendered":"<p>Anreise mit dem Bus Jadranovo ist durch Intercity-Buslinien mit Rijeka und Crikvenica verbunden, und alle Busse, die \u00fcber die Adria<\/p>\n","protected":false},"author":1,"featured_media":0,"parent":0,"menu_order":0,"comment_status":"closed","ping_status":"closed","template":"elementor_header_footer","meta":[],"_links":{"self":[{"href":"https:\/\/jadranovo.com\/de\/wp-json\/wp\/v2\/pages\/1544"}],"collection":[{"href":"https:\/\/jadranovo.com\/de\/wp-json\/wp\/v2\/pages"}],"about":[{"href":"https:\/\/jadranovo.com\/de\/wp-json\/wp\/v2\/types\/page"}],"author":[{"embeddable":true,"href":"https:\/\/jadranovo.com\/de\/wp-json\/wp\/v2\/users\/1"}],"replies":[{"embeddable":true,"href":"https:\/\/jadranovo.com\/de\/wp-json\/wp\/v2\/comments?post=1544"}],"version-history":[{"count":4,"href":"https:\/\/jadranovo.com\/de\/wp-json\/wp\/v2\/pages\/1544\/revisions"}],"predecessor-version":[{"id":1645,"href":"https:\/\/jadranovo.com\/de\/wp-json\/wp\/v2\/pages\/1544\/revisions\/1645"}],"wp:attachment":[{"href":"https:\/\/jadranovo.com\/de\/wp-json\/wp\/v2\/media?parent=1544"}],"curies":[{"name":"wp","href":"https:\/\/api.w.org\/{rel}","templated":true}]}}