{"id":1551,"date":"2020-12-10T13:20:28","date_gmt":"2020-12-10T12:20:28","guid":{"rendered":"https:\/\/jadranovo.com\/dolazak-vlakom\/"},"modified":"2020-12-15T01:43:18","modified_gmt":"2020-12-15T00:43:18","slug":"anreise-mit-dem-zug","status":"publish","type":"page","link":"https:\/\/jadranovo.com\/de\/anreise-mit-dem-zug\/","title":{"rendered":"Anreise mit dem Zug"},"content":{"rendered":"\t\t<div data-elementor-type=\"wp-page\" data-elementor-id=\"1551\" class=\"elementor elementor-1551 elementor-1182\" data-elementor-settings=\"[]\">\n\t\t\t\t\t\t<div class=\"elementor-inner\">\n\t\t\t\t\t\t\t<div class=\"elementor-section-wrap\">\n\t\t\t\t\t\t\t<section class=\"elementor-section elementor-top-section elementor-element elementor-element-49c99839 wd-section-stretch elementor-section-boxed elementor-section-height-default elementor-section-height-default\" data-id=\"49c99839\" data-element_type=\"section\" data-settings=\"{&quot;background_background&quot;:&quot;gradient&quot;}\">\n\t\t\t\t\t\t<div class=\"elementor-container elementor-column-gap-default\">\n\t\t\t\t\t\t\t<div class=\"elementor-row\">\n\t\t\t\t\t<div class=\"elementor-column elementor-col-50 elementor-top-column elementor-element elementor-element-522e8dd0\" data-id=\"522e8dd0\" data-element_type=\"column\">\n\t\t\t<div class=\"elementor-column-wrap elementor-element-populated\">\n\t\t\t\t\t\t\t<div class=\"elementor-widget-wrap\">\n\t\t\t\t\t\t<div class=\"elementor-element elementor-element-a8f6cae elementor-widget elementor-widget-heading\" data-id=\"a8f6cae\" data-element_type=\"widget\" data-widget_type=\"heading.default\">\n\t\t\t\t<div class=\"elementor-widget-container\">\n\t\t\t<h2 class=\"elementor-heading-title elementor-size-default\">Anreise mit dem Zug<\/h2>\t\t<\/div>\n\t\t\t\t<\/div>\n\t\t\t\t<div class=\"elementor-element elementor-element-391681ce color-scheme-inherit text-left elementor-widget elementor-widget-text-editor\" data-id=\"391681ce\" data-element_type=\"widget\" data-widget_type=\"text-editor.default\">\n\t\t\t\t<div class=\"elementor-widget-container\">\n\t\t\t\t\t\t\t\t<div class=\"elementor-text-editor elementor-clearfix\">\n\t\t\t\t<p>Gr\u00f6\u00dfere St\u00e4dte in Kroatien sind Teil des Eisenbahnnetzes, und die Verbindung des Landes mit allen europ\u00e4ischen L\u00e4ndern \u00fcber direkte und indirekte internationale Linien ist sehr gut.<\/p><p>Jadrans n\u00e4chster Bahnhof befindet sich in Rijeka. Daher m\u00fcssen alle Passagiere, die mit dem Zug nach Jadranovo kommen, nach dem Verlassen des Bahnhofs Rijeka mit Bus, Mietwagen oder Taxi nach Jadranovo kommen. Informationen zu den Buslinien finden Sie auf der Seite Ankunft mit dem Bus und Informationen zum Taxiservice von Rijeka und zu den Autovermietungen auf der Seite Ankunft mit dem Auto. Informationen zu lokalen Bahnen erhalten Sie unter folgenden Adressen und Infotelefonen:<\/p>\t\t\t\t\t<\/div>\n\t\t\t\t\t\t<\/div>\n\t\t\t\t<\/div>\n\t\t\t\t\t\t<\/div>\n\t\t\t\t\t<\/div>\n\t\t<\/div>\n\t\t\t\t<div class=\"elementor-column elementor-col-50 elementor-top-column elementor-element elementor-element-3ab98c0\" data-id=\"3ab98c0\" data-element_type=\"column\">\n\t\t\t<div class=\"elementor-column-wrap elementor-element-populated\">\n\t\t\t\t\t\t\t<div class=\"elementor-widget-wrap\">\n\t\t\t\t\t\t<div class=\"elementor-element elementor-element-40f09f8d slika001 elementor-widget elementor-widget-image\" data-id=\"40f09f8d\" data-element_type=\"widget\" data-widget_type=\"image.default\">\n\t\t\t\t<div class=\"elementor-widget-container\">\n\t\t\t\t\t\t\t\t<div class=\"elementor-image\">\n\t\t\t\t\t\t\t\t\t\t\t\t<img width=\"1024\" height=\"677\" src=\"https:\/\/jadranovo.com\/wp-content\/uploads\/2020\/12\/train-min-1024x677.jpg\" class=\"attachment-large size-large\" alt=\"\" loading=\"lazy\" srcset=\"https:\/\/jadranovo.com\/wp-content\/uploads\/2020\/12\/train-min-1024x677.jpg 1024w, https:\/\/jadranovo.com\/wp-content\/uploads\/2020\/12\/train-min-300x198.jpg 300w, https:\/\/jadranovo.com\/wp-content\/uploads\/2020\/12\/train-min-768x508.jpg 768w, https:\/\/jadranovo.com\/wp-content\/uploads\/2020\/12\/train-min-1536x1016.jpg 1536w, https:\/\/jadranovo.com\/wp-content\/uploads\/2020\/12\/train-min.jpg 1600w\" sizes=\"(max-width: 1024px) 100vw, 1024px\" \/>\t\t\t\t\t\t\t\t\t\t\t\t\t\t<\/div>\n\t\t\t\t\t\t<\/div>\n\t\t\t\t<\/div>\n\t\t\t\t\t\t<\/div>\n\t\t\t\t\t<\/div>\n\t\t<\/div>\n\t\t\t\t\t\t\t\t<\/div>\n\t\t\t\t\t<\/div>\n\t\t<\/section>\n\t\t\t\t<section class=\"elementor-section elementor-top-section elementor-element elementor-element-3084adb elementor-section-boxed elementor-section-height-default elementor-section-height-default wd-section-disabled\" data-id=\"3084adb\" data-element_type=\"section\">\n\t\t\t\t\t\t<div class=\"elementor-container elementor-column-gap-default\">\n\t\t\t\t\t\t\t<div class=\"elementor-row\">\n\t\t\t\t\t<div class=\"elementor-column elementor-col-100 elementor-top-column elementor-element elementor-element-d1d95c8\" data-id=\"d1d95c8\" data-element_type=\"column\">\n\t\t\t<div class=\"elementor-column-wrap elementor-element-populated\">\n\t\t\t\t\t\t\t<div class=\"elementor-widget-wrap\">\n\t\t\t\t\t\t<div class=\"elementor-element elementor-element-29bf999 elementor-widget elementor-widget-Table\" data-id=\"29bf999\" data-element_type=\"widget\" data-widget_type=\"Table.default\">\n\t\t\t\t<div class=\"elementor-widget-container\">\n\t\t\t\t\t<table class=\"tafe-table\">\n\t\t\t<thead  class=\"tafe-table-header\">\n\t\t\t\t<tr>\n\t\t\t\t\t<th class=\"elementor-inline-editing elementor-repeater-item-d29f225\"   >Bahnhof<\/th><th class=\"elementor-inline-editing elementor-repeater-item-56e6395\"   >Adresse<\/th><th class=\"elementor-inline-editing elementor-repeater-item-be80663\"   >Info Telefon<\/th>\t\t\t\t<\/tr>\n\t\t\t<\/thead>\n\t\t\t<tbody class=\"tafe-table-body\">\n\t\t\t\t<tr>\n\t\t\t\t\t<td   class=\"elementor-repeater-item-4b48f39\" >ZAGREB<\/td><td   class=\"elementor-repeater-item-7efef05\" >Tomislavov trg 12<\/td><td   class=\"elementor-repeater-item-0c82839\" >+385 (1) 4577 111<\/td><\/tr><tr><td   class=\"elementor-repeater-item-2f19e0b\" >RIJEKA<\/td><td   class=\"elementor-repeater-item-3bc4e83\" >Trg kralja Tomislava 1<\/td><td   class=\"elementor-repeater-item-e94355f\" >+385 (51) 211 111\n<\/td><\/tr><tr><td   class=\"elementor-repeater-item-716fdf4\" >SPLIT<\/td><td   class=\"elementor-repeater-item-9fd18c0\" >Zlodrina poljana 20\n<\/td><td   class=\"elementor-repeater-item-89db18c\" >+385 (21) 383 611\n<\/td><\/tr><tr><td   class=\"elementor-repeater-item-8b4df33\" >OSIJEK<\/td><td   class=\"elementor-repeater-item-d2dde3a\" >Trg L. Ru\u010di\u010dke 2\n<\/td><td   class=\"elementor-repeater-item-76087c5\" >+385 (31) 205 155\n<\/td><\/tr><tr><td   class=\"elementor-repeater-item-3f74293\" >\u0160IBENIK\n<\/td><td   class=\"elementor-repeater-item-4716a61\" >Fra Jerolima Milete 24<\/td><td   class=\"elementor-repeater-item-4002d67\" >+385 (22) 332 580<\/td><\/tr><tr><td   class=\"elementor-repeater-item-01cfe60\" >ZADAR<\/td><td   class=\"elementor-repeater-item-5d723a3\" >Ante Star\u010devi\u0107a 3\n<\/td><td   class=\"elementor-repeater-item-c0b1153\" >+385 (23) 212 091\n<\/td><\/tr><tr><td   class=\"elementor-repeater-item-ca9a3aa\" >PULA<\/td><td   class=\"elementor-repeater-item-d687fdb\" >Kolodvorska 5\n<\/td><td   class=\"elementor-repeater-item-ff5531c\" >+385 (52) 541 709\n<\/td>\t\t\t\t<\/tr>\n\t\t\t<\/tbody>\n\t\t<\/table>\n\t\t\n\t\t\t\t<\/div>\n\t\t\t\t<\/div>\n\t\t\t\t<div class=\"elementor-element elementor-element-b91bfff color-scheme-inherit text-left elementor-widget elementor-widget-text-editor\" data-id=\"b91bfff\" data-element_type=\"widget\" data-widget_type=\"text-editor.default\">\n\t\t\t\t<div class=\"elementor-widget-container\">\n\t\t\t\t\t\t\t\t<div class=\"elementor-text-editor elementor-clearfix\">\n\t\t\t\tAlle weiteren Informationen zum Eisenbahnverkehr in Kroatien sowie zum Zugfahrplan finden Sie auf der offiziellen Website <a href=\"http:\/\/www.hzpp.hr\/\" target=\"_blank\" rel=\"noopener\">Kroatische Eisenbahnen<\/a>.\t\t\t\t\t<\/div>\n\t\t\t\t\t\t<\/div>\n\t\t\t\t<\/div>\n\t\t\t\t\t\t<\/div>\n\t\t\t\t\t<\/div>\n\t\t<\/div>\n\t\t\t\t\t\t\t\t<\/div>\n\t\t\t\t\t<\/div>\n\t\t<\/section>\n\t\t\t\t\t\t<\/div>\n\t\t\t\t\t\t<\/div>\n\t\t\t\t\t<\/div>\n\t\t","protected":false},"excerpt":{"rendered":"<p>Anreise mit dem Zug Gr\u00f6\u00dfere St\u00e4dte in Kroatien sind Teil des Eisenbahnnetzes, und die Verbindung des Landes mit allen europ\u00e4ischen<\/p>\n","protected":false},"author":1,"featured_media":0,"parent":0,"menu_order":0,"comment_status":"closed","ping_status":"closed","template":"","meta":[],"_links":{"self":[{"href":"https:\/\/jadranovo.com\/de\/wp-json\/wp\/v2\/pages\/1551"}],"collection":[{"href":"https:\/\/jadranovo.com\/de\/wp-json\/wp\/v2\/pages"}],"about":[{"href":"https:\/\/jadranovo.com\/de\/wp-json\/wp\/v2\/types\/page"}],"author":[{"embeddable":true,"href":"https:\/\/jadranovo.com\/de\/wp-json\/wp\/v2\/users\/1"}],"replies":[{"embeddable":true,"href":"https:\/\/jadranovo.com\/de\/wp-json\/wp\/v2\/comments?post=1551"}],"version-history":[{"count":5,"href":"https:\/\/jadranovo.com\/de\/wp-json\/wp\/v2\/pages\/1551\/revisions"}],"predecessor-version":[{"id":1650,"href":"https:\/\/jadranovo.com\/de\/wp-json\/wp\/v2\/pages\/1551\/revisions\/1650"}],"wp:attachment":[{"href":"https:\/\/jadranovo.com\/de\/wp-json\/wp\/v2\/media?parent=1551"}],"curies":[{"name":"wp","href":"https:\/\/api.w.org\/{rel}","templated":true}]}}