{"id":1559,"date":"2020-12-10T13:33:24","date_gmt":"2020-12-10T12:33:24","guid":{"rendered":"https:\/\/jadranovo.com\/dolazak-avionom\/"},"modified":"2020-12-15T01:45:20","modified_gmt":"2020-12-15T00:45:20","slug":"ankunft-mit-dem-flugzeug","status":"publish","type":"page","link":"https:\/\/jadranovo.com\/de\/ankunft-mit-dem-flugzeug\/","title":{"rendered":"Ankunft mit dem Flugzeug"},"content":{"rendered":"\t\t<div data-elementor-type=\"wp-page\" data-elementor-id=\"1559\" class=\"elementor elementor-1559 elementor-1212\" data-elementor-settings=\"[]\">\n\t\t\t\t\t\t<div class=\"elementor-inner\">\n\t\t\t\t\t\t\t<div class=\"elementor-section-wrap\">\n\t\t\t\t\t\t\t<section class=\"elementor-section elementor-top-section elementor-element elementor-element-913d450 wd-section-stretch elementor-section-boxed elementor-section-height-default elementor-section-height-default\" data-id=\"913d450\" data-element_type=\"section\" data-settings=\"{&quot;background_background&quot;:&quot;gradient&quot;}\">\n\t\t\t\t\t\t<div class=\"elementor-container elementor-column-gap-default\">\n\t\t\t\t\t\t\t<div class=\"elementor-row\">\n\t\t\t\t\t<div class=\"elementor-column elementor-col-50 elementor-top-column elementor-element elementor-element-d134a6d\" data-id=\"d134a6d\" data-element_type=\"column\">\n\t\t\t<div class=\"elementor-column-wrap elementor-element-populated\">\n\t\t\t\t\t\t\t<div class=\"elementor-widget-wrap\">\n\t\t\t\t\t\t<div class=\"elementor-element elementor-element-7e839e7 elementor-widget elementor-widget-heading\" data-id=\"7e839e7\" data-element_type=\"widget\" data-widget_type=\"heading.default\">\n\t\t\t\t<div class=\"elementor-widget-container\">\n\t\t\t<h2 class=\"elementor-heading-title elementor-size-default\">Ankunft mit dem Flugzeug<\/h2>\t\t<\/div>\n\t\t\t\t<\/div>\n\t\t\t\t<div class=\"elementor-element elementor-element-19fc0f3 color-scheme-inherit text-left elementor-widget elementor-widget-text-editor\" data-id=\"19fc0f3\" data-element_type=\"widget\" data-widget_type=\"text-editor.default\">\n\t\t\t\t<div class=\"elementor-widget-container\">\n\t\t\t\t\t\t\t\t<div class=\"elementor-text-editor elementor-clearfix\">\n\t\t\t\t<p>Jadranovo liegt nur 15 km vom Flughafen Rijeka entfernt, der sich auf der Insel Krk befindet. Da der Flughafen \u00fcber regelm\u00e4\u00dfige Buslinien mit Rijeka und Crikvenica verbunden ist, k\u00f6nnen Sie Ihr Ziel sehr bald nach der Landung am Flughafen erreichen. W\u00e4hrend des Sommers steigt die Anzahl der Linien- und Charterfl\u00fcge erheblich an und verbindet den Flughafen Rijeka mit allen wichtigen Touristenzentren in Kroatien.<\/p><p>Der gr\u00f6\u00dfte Flughafen Kroatiens befindet sich in Zagreb und ist durch direkte und indirekte Fl\u00fcge mit fast allen internationalen und nationalen Flugh\u00e4fen verbunden. W\u00e4hrend des Sommers ist der Flugverkehr sehr intensiv und es gibt h\u00e4ufige Fl\u00fcge von Zagreb zu allen touristischen Zielen in Kroatien (Rijeka, Split, Dubrovnik &#8230;).<\/p><p>Informationen zu internationalen und Inlandsfl\u00fcgen erhalten Sie auf der Website der Inlandsfluggesellschaft Croatia Airlines und \u00fcber das Infotelefon der Inlandsflugh\u00e4fen:<\/p>\t\t\t\t\t<\/div>\n\t\t\t\t\t\t<\/div>\n\t\t\t\t<\/div>\n\t\t\t\t\t\t<\/div>\n\t\t\t\t\t<\/div>\n\t\t<\/div>\n\t\t\t\t<div class=\"elementor-column elementor-col-50 elementor-top-column elementor-element elementor-element-4ec8205\" data-id=\"4ec8205\" data-element_type=\"column\">\n\t\t\t<div class=\"elementor-column-wrap elementor-element-populated\">\n\t\t\t\t\t\t\t<div class=\"elementor-widget-wrap\">\n\t\t\t\t\t\t<div class=\"elementor-element elementor-element-0231dcf slika001 elementor-widget elementor-widget-image\" data-id=\"0231dcf\" data-element_type=\"widget\" data-widget_type=\"image.default\">\n\t\t\t\t<div class=\"elementor-widget-container\">\n\t\t\t\t\t\t\t\t<div class=\"elementor-image\">\n\t\t\t\t\t\t\t\t\t\t\t\t<img width=\"1024\" height=\"677\" src=\"https:\/\/jadranovo.com\/wp-content\/uploads\/2020\/12\/air-plane-min-1024x677.jpg\" class=\"attachment-large size-large\" alt=\"\" loading=\"lazy\" srcset=\"https:\/\/jadranovo.com\/wp-content\/uploads\/2020\/12\/air-plane-min-1024x677.jpg 1024w, https:\/\/jadranovo.com\/wp-content\/uploads\/2020\/12\/air-plane-min-300x198.jpg 300w, https:\/\/jadranovo.com\/wp-content\/uploads\/2020\/12\/air-plane-min-768x508.jpg 768w, https:\/\/jadranovo.com\/wp-content\/uploads\/2020\/12\/air-plane-min-1536x1016.jpg 1536w, https:\/\/jadranovo.com\/wp-content\/uploads\/2020\/12\/air-plane-min.jpg 1600w\" sizes=\"(max-width: 1024px) 100vw, 1024px\" \/>\t\t\t\t\t\t\t\t\t\t\t\t\t\t<\/div>\n\t\t\t\t\t\t<\/div>\n\t\t\t\t<\/div>\n\t\t\t\t\t\t<\/div>\n\t\t\t\t\t<\/div>\n\t\t<\/div>\n\t\t\t\t\t\t\t\t<\/div>\n\t\t\t\t\t<\/div>\n\t\t<\/section>\n\t\t\t\t<section class=\"elementor-section elementor-top-section elementor-element elementor-element-cfa6c83 elementor-section-boxed elementor-section-height-default elementor-section-height-default wd-section-disabled\" data-id=\"cfa6c83\" data-element_type=\"section\">\n\t\t\t\t\t\t<div class=\"elementor-container elementor-column-gap-default\">\n\t\t\t\t\t\t\t<div class=\"elementor-row\">\n\t\t\t\t\t<div class=\"elementor-column elementor-col-100 elementor-top-column elementor-element elementor-element-05a8b53\" data-id=\"05a8b53\" data-element_type=\"column\">\n\t\t\t<div class=\"elementor-column-wrap elementor-element-populated\">\n\t\t\t\t\t\t\t<div class=\"elementor-widget-wrap\">\n\t\t\t\t\t\t<div class=\"elementor-element elementor-element-adffc91 elementor-widget elementor-widget-Table\" data-id=\"adffc91\" data-element_type=\"widget\" data-widget_type=\"Table.default\">\n\t\t\t\t<div class=\"elementor-widget-container\">\n\t\t\t\t\t<table class=\"tafe-table\">\n\t\t\t<thead  class=\"tafe-table-header\">\n\t\t\t\t<tr>\n\t\t\t\t\t<th class=\"elementor-inline-editing elementor-repeater-item-b03eeab\"   >Flughafen<\/th><th class=\"elementor-inline-editing elementor-repeater-item-c7bda4e\"   >Adresse<\/th><th class=\"elementor-inline-editing elementor-repeater-item-0daae59\"   >Info Telefon<\/th>\t\t\t\t<\/tr>\n\t\t\t<\/thead>\n\t\t\t<tbody class=\"tafe-table-body\">\n\t\t\t\t<tr>\n\t\t\t\t\t<td   class=\"elementor-repeater-item-b1e7eb8\" >ZAGREB\n<\/td><td   class=\"elementor-repeater-item-c54efa6\" >Pleso bb, p.p. 40, 10150 Zagreb\t<\/td><td   class=\"elementor-repeater-item-82f37a1\" >+385 (1) 6265 222\n<\/td><\/tr><tr><td   class=\"elementor-repeater-item-46f4bad\" >RIJEKA<\/td><td   class=\"elementor-repeater-item-cc95541\" >51530 Omi\u0161alj (Otok Krk), p.p. 29\t<\/td><td   class=\"elementor-repeater-item-51d7d9b\" >+385 (51) 842 132\n<\/td><\/tr><tr><td   class=\"elementor-repeater-item-bc5e784\" >SPLIT<\/td><td   class=\"elementor-repeater-item-a058169\" >Ka\u0161telanska cesta 96, p.p. 2, 21120 Split\t<\/td><td   class=\"elementor-repeater-item-3144245\" >+385 (21) 203 171\n<\/td><\/tr><tr><td   class=\"elementor-repeater-item-0aeceb3\" >OSIJEK<\/td><td   class=\"elementor-repeater-item-4dbdb4e\" >\u010cepin, p.p. 47, 31000 Osijek\t<\/td><td   class=\"elementor-repeater-item-ab5365d\" >+385 (31) 574 440\n<\/td><\/tr><tr><td   class=\"elementor-repeater-item-4d18eb5\" >DUBROVNIK<\/td><td   class=\"elementor-repeater-item-e6b95e0\" >Dobrota24, 20213, \u010cilipi<\/td><td   class=\"elementor-repeater-item-bd968e2\" >+385 (20) 773 100\n<\/td><\/tr><tr><td   class=\"elementor-repeater-item-44b9043\" >ZADAR<\/td><td   class=\"elementor-repeater-item-de50a44\" >Zra\u010dna Luka d.d., p.p. 367 23000 Zadar\t<\/td><td   class=\"elementor-repeater-item-a9c8de6\" >+385 (23) 313 311\n<\/td><\/tr><tr><td   class=\"elementor-repeater-item-6c84883\" >PULA<\/td><td   class=\"elementor-repeater-item-ce89e41\" >Valtursko polje bb, p.p. 89 52100 Pula\t<\/td><td   class=\"elementor-repeater-item-636fc90\" >+385 (52) 550 900\n<\/td><\/tr><tr><td   class=\"elementor-repeater-item-8578394\" >LO\u0160INJ<\/td><td   class=\"elementor-repeater-item-ba36eeb\" >Privlaka bb, 51550 Mali Lo\u0161inj\t<\/td><td   class=\"elementor-repeater-item-9467075\" >+385 (51) 231 666\n<\/td><\/tr><tr><td   class=\"elementor-repeater-item-282a840\" >BRA\u010c<\/td><td   class=\"elementor-repeater-item-6d97e5a\" >Terminal bb, 21400 Supetar\t<\/td><td   class=\"elementor-repeater-item-e766674\" >+385 (21) 648 615<\/td>\t\t\t\t<\/tr>\n\t\t\t<\/tbody>\n\t\t<\/table>\n\t\t\n\t\t\t\t<\/div>\n\t\t\t\t<\/div>\n\t\t\t\t\t\t<\/div>\n\t\t\t\t\t<\/div>\n\t\t<\/div>\n\t\t\t\t\t\t\t\t<\/div>\n\t\t\t\t\t<\/div>\n\t\t<\/section>\n\t\t\t\t\t\t<\/div>\n\t\t\t\t\t\t<\/div>\n\t\t\t\t\t<\/div>\n\t\t","protected":false},"excerpt":{"rendered":"<p>Ankunft mit dem Flugzeug Jadranovo liegt nur 15 km vom Flughafen Rijeka entfernt, der sich auf der Insel Krk befindet.<\/p>\n","protected":false},"author":1,"featured_media":0,"parent":0,"menu_order":0,"comment_status":"closed","ping_status":"closed","template":"elementor_header_footer","meta":[],"_links":{"self":[{"href":"https:\/\/jadranovo.com\/de\/wp-json\/wp\/v2\/pages\/1559"}],"collection":[{"href":"https:\/\/jadranovo.com\/de\/wp-json\/wp\/v2\/pages"}],"about":[{"href":"https:\/\/jadranovo.com\/de\/wp-json\/wp\/v2\/types\/page"}],"author":[{"embeddable":true,"href":"https:\/\/jadranovo.com\/de\/wp-json\/wp\/v2\/users\/1"}],"replies":[{"embeddable":true,"href":"https:\/\/jadranovo.com\/de\/wp-json\/wp\/v2\/comments?post=1559"}],"version-history":[{"count":4,"href":"https:\/\/jadranovo.com\/de\/wp-json\/wp\/v2\/pages\/1559\/revisions"}],"predecessor-version":[{"id":1654,"href":"https:\/\/jadranovo.com\/de\/wp-json\/wp\/v2\/pages\/1559\/revisions\/1654"}],"wp:attachment":[{"href":"https:\/\/jadranovo.com\/de\/wp-json\/wp\/v2\/media?parent=1559"}],"curies":[{"name":"wp","href":"https:\/\/api.w.org\/{rel}","templated":true}]}}