{"id":1573,"date":"2020-12-10T10:53:15","date_gmt":"2020-12-10T09:53:15","guid":{"rendered":"https:\/\/jadranovo.com\/okolica\/"},"modified":"2020-12-15T01:49:43","modified_gmt":"2020-12-15T00:49:43","slug":"bereich","status":"publish","type":"page","link":"https:\/\/jadranovo.com\/de\/bereich\/","title":{"rendered":"Bereich"},"content":{"rendered":"\t\t<div data-elementor-type=\"wp-page\" data-elementor-id=\"1573\" class=\"elementor elementor-1573 elementor-1129\" data-elementor-settings=\"[]\">\n\t\t\t\t\t\t<div class=\"elementor-inner\">\n\t\t\t\t\t\t\t<div class=\"elementor-section-wrap\">\n\t\t\t\t\t\t\t<section class=\"elementor-section elementor-top-section elementor-element elementor-element-1d523e30 wd-section-stretch elementor-section-boxed elementor-section-height-default elementor-section-height-default\" data-id=\"1d523e30\" data-element_type=\"section\" data-settings=\"{&quot;background_background&quot;:&quot;gradient&quot;}\">\n\t\t\t\t\t\t<div class=\"elementor-container elementor-column-gap-default\">\n\t\t\t\t\t\t\t<div class=\"elementor-row\">\n\t\t\t\t\t<div class=\"elementor-column elementor-col-100 elementor-top-column elementor-element elementor-element-61d4064d\" data-id=\"61d4064d\" data-element_type=\"column\">\n\t\t\t<div class=\"elementor-column-wrap elementor-element-populated\">\n\t\t\t\t\t\t\t<div class=\"elementor-widget-wrap\">\n\t\t\t\t\t\t<div class=\"elementor-element elementor-element-d4526c7 elementor-widget elementor-widget-heading\" data-id=\"d4526c7\" data-element_type=\"widget\" data-widget_type=\"heading.default\">\n\t\t\t\t<div class=\"elementor-widget-container\">\n\t\t\t<h2 class=\"elementor-heading-title elementor-size-default\">Bereich<\/h2>\t\t<\/div>\n\t\t\t\t<\/div>\n\t\t\t\t<section class=\"elementor-section elementor-inner-section elementor-element elementor-element-2579e9ff elementor-section-boxed elementor-section-height-default elementor-section-height-default wd-section-disabled\" data-id=\"2579e9ff\" data-element_type=\"section\">\n\t\t\t\t\t\t<div class=\"elementor-container elementor-column-gap-default\">\n\t\t\t\t\t\t\t<div class=\"elementor-row\">\n\t\t\t\t\t<div class=\"elementor-column elementor-col-50 elementor-inner-column elementor-element elementor-element-5038a14a\" data-id=\"5038a14a\" data-element_type=\"column\">\n\t\t\t<div class=\"elementor-column-wrap elementor-element-populated\">\n\t\t\t\t\t\t\t<div class=\"elementor-widget-wrap\">\n\t\t\t\t\t\t<div class=\"elementor-element elementor-element-18bae620 elementor-widget elementor-widget-heading\" data-id=\"18bae620\" data-element_type=\"widget\" data-widget_type=\"heading.default\">\n\t\t\t\t<div class=\"elementor-widget-container\">\n\t\t\t<h2 class=\"elementor-heading-title elementor-size-default\">Crikvenica<\/h2>\t\t<\/div>\n\t\t\t\t<\/div>\n\t\t\t\t<div class=\"elementor-element elementor-element-267d65b color-scheme-inherit text-left elementor-widget elementor-widget-text-editor\" data-id=\"267d65b\" data-element_type=\"widget\" data-widget_type=\"text-editor.default\">\n\t\t\t\t<div class=\"elementor-widget-container\">\n\t\t\t\t\t\t\t\t<div class=\"elementor-text-editor elementor-clearfix\">\n\t\t\t\t<p>Crikvenica liegt am Zusammenfluss des Flusses Dubra\u010dina und der Bucht von Kvarner, 33 Kilometer von Rijeka entfernt. Die geografische Lage, das milde mediterrane Klima und die zahlreichen Kiesel- und Felsstr\u00e4nde haben die touristische Entwicklung des Ortes von Anfang an bestimmt.<\/p><p>Heute ist Crikvenica ein weltber\u00fchmtes Touristenzentrum und ein klimatischer Kurort. Die gesamte Stadt ist eine Meeresriviera, die vier Touristenorte miteinander verbindet: Jadranovo, Dramalj, Crikvenica und Selce.<br \/>Neben zahlreichen nat\u00fcrlichen Vorteilen, die seine G\u00e4ste anziehen, bietet Crikvenica auch ein hervorragendes touristisches Angebot. Arrangierte Hotels, reichhaltige Sporteinrichtungen, Hotel- und Privatrestaurants sowie zahlreiche Kaffeebars und Konditoreien werden Ihren Urlaub weiter bereichern, und ein entwickeltes Ausflugstourismusprogramm erm\u00f6glicht es Ihnen, die weitere Umgebung der Riviera kennenzulernen.<\/p>\t\t\t\t\t<\/div>\n\t\t\t\t\t\t<\/div>\n\t\t\t\t<\/div>\n\t\t\t\t\t\t<\/div>\n\t\t\t\t\t<\/div>\n\t\t<\/div>\n\t\t\t\t<div class=\"elementor-column elementor-col-50 elementor-inner-column elementor-element elementor-element-6fb11b67\" data-id=\"6fb11b67\" data-element_type=\"column\">\n\t\t\t<div class=\"elementor-column-wrap elementor-element-populated\">\n\t\t\t\t\t\t\t<div class=\"elementor-widget-wrap\">\n\t\t\t\t\t\t<div class=\"elementor-element elementor-element-89933b9 slika001 elementor-widget elementor-widget-image\" data-id=\"89933b9\" data-element_type=\"widget\" data-widget_type=\"image.default\">\n\t\t\t\t<div class=\"elementor-widget-container\">\n\t\t\t\t\t\t\t\t<div class=\"elementor-image\">\n\t\t\t\t\t\t\t\t\t\t\t\t<img width=\"1024\" height=\"677\" src=\"https:\/\/jadranovo.com\/wp-content\/uploads\/2020\/12\/crikvenica-min-1024x677.jpg\" class=\"attachment-large size-large\" alt=\"\" loading=\"lazy\" srcset=\"https:\/\/jadranovo.com\/wp-content\/uploads\/2020\/12\/crikvenica-min-1024x677.jpg 1024w, https:\/\/jadranovo.com\/wp-content\/uploads\/2020\/12\/crikvenica-min-300x198.jpg 300w, https:\/\/jadranovo.com\/wp-content\/uploads\/2020\/12\/crikvenica-min-768x508.jpg 768w, https:\/\/jadranovo.com\/wp-content\/uploads\/2020\/12\/crikvenica-min-1536x1016.jpg 1536w, https:\/\/jadranovo.com\/wp-content\/uploads\/2020\/12\/crikvenica-min.jpg 1600w\" sizes=\"(max-width: 1024px) 100vw, 1024px\" \/>\t\t\t\t\t\t\t\t\t\t\t\t\t\t<\/div>\n\t\t\t\t\t\t<\/div>\n\t\t\t\t<\/div>\n\t\t\t\t\t\t<\/div>\n\t\t\t\t\t<\/div>\n\t\t<\/div>\n\t\t\t\t\t\t\t\t<\/div>\n\t\t\t\t\t<\/div>\n\t\t<\/section>\n\t\t\t\t<section class=\"elementor-section elementor-inner-section elementor-element elementor-element-2ef3cf2 elementor-section-boxed elementor-section-height-default elementor-section-height-default wd-section-disabled\" data-id=\"2ef3cf2\" data-element_type=\"section\">\n\t\t\t\t\t\t<div class=\"elementor-container elementor-column-gap-default\">\n\t\t\t\t\t\t\t<div class=\"elementor-row\">\n\t\t\t\t\t<div class=\"elementor-column elementor-col-50 elementor-inner-column elementor-element elementor-element-8ec93ba\" data-id=\"8ec93ba\" data-element_type=\"column\">\n\t\t\t<div class=\"elementor-column-wrap elementor-element-populated\">\n\t\t\t\t\t\t\t<div class=\"elementor-widget-wrap\">\n\t\t\t\t\t\t<div class=\"elementor-element elementor-element-597c1ad slika001 elementor-widget elementor-widget-image\" data-id=\"597c1ad\" data-element_type=\"widget\" data-widget_type=\"image.default\">\n\t\t\t\t<div class=\"elementor-widget-container\">\n\t\t\t\t\t\t\t\t<div class=\"elementor-image\">\n\t\t\t\t\t\t\t\t\t\t\t\t<img width=\"1024\" height=\"896\" src=\"https:\/\/jadranovo.com\/wp-content\/uploads\/2020\/12\/crikvenica-croatia-1541360-min-1024x896.jpg\" class=\"attachment-large size-large\" alt=\"\" loading=\"lazy\" srcset=\"https:\/\/jadranovo.com\/wp-content\/uploads\/2020\/12\/crikvenica-croatia-1541360-min-1024x896.jpg 1024w, https:\/\/jadranovo.com\/wp-content\/uploads\/2020\/12\/crikvenica-croatia-1541360-min-300x263.jpg 300w, https:\/\/jadranovo.com\/wp-content\/uploads\/2020\/12\/crikvenica-croatia-1541360-min-768x672.jpg 768w, https:\/\/jadranovo.com\/wp-content\/uploads\/2020\/12\/crikvenica-croatia-1541360-min-1536x1344.jpg 1536w, https:\/\/jadranovo.com\/wp-content\/uploads\/2020\/12\/crikvenica-croatia-1541360-min.jpg 1947w\" sizes=\"(max-width: 1024px) 100vw, 1024px\" \/>\t\t\t\t\t\t\t\t\t\t\t\t\t\t<\/div>\n\t\t\t\t\t\t<\/div>\n\t\t\t\t<\/div>\n\t\t\t\t\t\t<\/div>\n\t\t\t\t\t<\/div>\n\t\t<\/div>\n\t\t\t\t<div class=\"elementor-column elementor-col-50 elementor-inner-column elementor-element elementor-element-ccee524\" data-id=\"ccee524\" data-element_type=\"column\">\n\t\t\t<div class=\"elementor-column-wrap elementor-element-populated\">\n\t\t\t\t\t\t\t<div class=\"elementor-widget-wrap\">\n\t\t\t\t\t\t<div class=\"elementor-element elementor-element-290170c color-scheme-inherit text-left elementor-widget elementor-widget-text-editor\" data-id=\"290170c\" data-element_type=\"widget\" data-widget_type=\"text-editor.default\">\n\t\t\t\t<div class=\"elementor-widget-container\">\n\t\t\t\t\t\t\t\t<div class=\"elementor-text-editor elementor-clearfix\">\n\t\t\t\t<p>So k\u00f6nnen Sie Krk, Ko\u0161ljun, Vrbnik, Ka\u010djak, Rab, Plitvice und viele andere attraktive Orte mit organisierten Touristenbooten und organisiertem Bustransport besuchen.<\/p><p>Am Abend bietet Crikvenica im Licht zahlreicher Laternen seinen G\u00e4sten ein unvergessliches Erlebnis und Spa\u00df. Sie warten dort auf dich<br \/>Ausstellungen, Konzerte, Modenschauen, Discoabende, traditionelle Feste mit Klapa-Gesang und viele andere Unterhaltungsveranstaltungen.<\/p><p>Wir hoffen, dass Sie von den Sch\u00f6nheiten der Riviera von Crikvenica angezogen werden und unvergessliche Erinnerungen aus unserer Region mitbringen!<\/p>\t\t\t\t\t<\/div>\n\t\t\t\t\t\t<\/div>\n\t\t\t\t<\/div>\n\t\t\t\t\t\t<\/div>\n\t\t\t\t\t<\/div>\n\t\t<\/div>\n\t\t\t\t\t\t\t\t<\/div>\n\t\t\t\t\t<\/div>\n\t\t<\/section>\n\t\t\t\t\t\t<\/div>\n\t\t\t\t\t<\/div>\n\t\t<\/div>\n\t\t\t\t\t\t\t\t<\/div>\n\t\t\t\t\t<\/div>\n\t\t<\/section>\n\t\t\t\t\t\t<\/div>\n\t\t\t\t\t\t<\/div>\n\t\t\t\t\t<\/div>\n\t\t","protected":false},"excerpt":{"rendered":"<p>Bereich Crikvenica Crikvenica liegt am Zusammenfluss des Flusses Dubra\u010dina und der Bucht von Kvarner, 33 Kilometer von Rijeka entfernt. Die<\/p>\n","protected":false},"author":1,"featured_media":0,"parent":0,"menu_order":0,"comment_status":"closed","ping_status":"closed","template":"","meta":[],"_links":{"self":[{"href":"https:\/\/jadranovo.com\/de\/wp-json\/wp\/v2\/pages\/1573"}],"collection":[{"href":"https:\/\/jadranovo.com\/de\/wp-json\/wp\/v2\/pages"}],"about":[{"href":"https:\/\/jadranovo.com\/de\/wp-json\/wp\/v2\/types\/page"}],"author":[{"embeddable":true,"href":"https:\/\/jadranovo.com\/de\/wp-json\/wp\/v2\/users\/1"}],"replies":[{"embeddable":true,"href":"https:\/\/jadranovo.com\/de\/wp-json\/wp\/v2\/comments?post=1573"}],"version-history":[{"count":4,"href":"https:\/\/jadranovo.com\/de\/wp-json\/wp\/v2\/pages\/1573\/revisions"}],"predecessor-version":[{"id":1662,"href":"https:\/\/jadranovo.com\/de\/wp-json\/wp\/v2\/pages\/1573\/revisions\/1662"}],"wp:attachment":[{"href":"https:\/\/jadranovo.com\/de\/wp-json\/wp\/v2\/media?parent=1573"}],"curies":[{"name":"wp","href":"https:\/\/api.w.org\/{rel}","templated":true}]}}