{"id":1595,"date":"2020-12-08T17:24:07","date_gmt":"2020-12-08T16:24:07","guid":{"rendered":"https:\/\/jadranovo.com\/pravila-o-privatnosti\/"},"modified":"2020-12-15T02:01:51","modified_gmt":"2020-12-15T01:01:51","slug":"datenschutz-bestimmungen","status":"publish","type":"page","link":"https:\/\/jadranovo.com\/de\/datenschutz-bestimmungen\/","title":{"rendered":"Datenschutz-Bestimmungen"},"content":{"rendered":"\t\t<div data-elementor-type=\"wp-page\" data-elementor-id=\"1595\" class=\"elementor elementor-1595 elementor-3\" data-elementor-settings=\"[]\">\n\t\t\t\t\t\t<div class=\"elementor-inner\">\n\t\t\t\t\t\t\t<div class=\"elementor-section-wrap\">\n\t\t\t\t\t\t\t<section class=\"elementor-section elementor-top-section elementor-element elementor-element-68ce68b2 wd-section-stretch elementor-section-boxed elementor-section-height-default elementor-section-height-default\" data-id=\"68ce68b2\" data-element_type=\"section\" data-settings=\"{&quot;background_background&quot;:&quot;gradient&quot;}\">\n\t\t\t\t\t\t<div class=\"elementor-container elementor-column-gap-default\">\n\t\t\t\t\t\t\t<div class=\"elementor-row\">\n\t\t\t\t\t<div class=\"elementor-column elementor-col-100 elementor-top-column elementor-element elementor-element-46022f9b\" data-id=\"46022f9b\" data-element_type=\"column\">\n\t\t\t<div class=\"elementor-column-wrap elementor-element-populated\">\n\t\t\t\t\t\t\t<div class=\"elementor-widget-wrap\">\n\t\t\t\t\t\t<div class=\"elementor-element elementor-element-31bf5e3 elementor-widget elementor-widget-heading\" data-id=\"31bf5e3\" data-element_type=\"widget\" data-widget_type=\"heading.default\">\n\t\t\t\t<div class=\"elementor-widget-container\">\n\t\t\t<h2 class=\"elementor-heading-title elementor-size-default\">Datenschutz-Bestimmungen<\/h2>\t\t<\/div>\n\t\t\t\t<\/div>\n\t\t\t\t<div class=\"elementor-element elementor-element-fe4dee color-scheme-inherit text-left elementor-widget elementor-widget-text-editor\" data-id=\"fe4dee\" data-element_type=\"widget\" data-widget_type=\"text-editor.default\">\n\t\t\t\t<div class=\"elementor-widget-container\">\n\t\t\t\t\t\t\t\t<div class=\"elementor-text-editor elementor-clearfix\">\n\t\t\t\t<p>Wir garantieren, dass auf der Jadranovo Online-Website gesammelte personenbezogene Daten nur mit Zustimmung des Nutzers oder durch Gerichtsentscheidung angezeigt oder an Dritte weitergegeben werden.<\/p><p>Jadranovo Online verwendet Werbung von Drittanbietern, um Anzeigen zu schalten, wenn Sie unsere Website besuchen. Diese Unternehmen verwenden m\u00f6glicherweise Informationen (au\u00dfer Ihrem Namen, Ihrer Adresse, Ihrer E-Mail-Adresse oder Ihrer Telefonnummer) \u00fcber Ihre Besuche auf dieser und anderen Websites, um Werbung f\u00fcr Produkte und Dienstleistungen anzubieten.<\/p><p>Google verwendet als Drittanbieter Cookies, wenn Anzeigen auf diesem Webportal angeh\u00f6rt werden. Google verwendet Cookies, um Anzeigen zu \u00fcberwachen, die Nutzern unserer Website sowie anderen Websites im Internet angezeigt werden. Benutzer k\u00f6nnen die Verwendung von DART-Cookies deaktivieren, indem sie die Datenschutzrichtlinie von Google Ad und Content Network besuchen.<\/p><p>Weitere Informationen zu diesem Prozess und M\u00f6glichkeiten zum vollst\u00e4ndigen Schutz Ihrer Privatsph\u00e4re finden Sie in der Network Advertising Initiative und unter Google.com\/privacy.html.<\/p>\t\t\t\t\t<\/div>\n\t\t\t\t\t\t<\/div>\n\t\t\t\t<\/div>\n\t\t\t\t\t\t<\/div>\n\t\t\t\t\t<\/div>\n\t\t<\/div>\n\t\t\t\t\t\t\t\t<\/div>\n\t\t\t\t\t<\/div>\n\t\t<\/section>\n\t\t\t\t\t\t<\/div>\n\t\t\t\t\t\t<\/div>\n\t\t\t\t\t<\/div>\n\t\t","protected":false},"excerpt":{"rendered":"<p>Datenschutz-Bestimmungen Wir garantieren, dass auf der Jadranovo Online-Website gesammelte personenbezogene Daten nur mit Zustimmung des Nutzers oder durch Gerichtsentscheidung angezeigt<\/p>\n","protected":false},"author":1,"featured_media":0,"parent":0,"menu_order":0,"comment_status":"closed","ping_status":"open","template":"","meta":[],"_links":{"self":[{"href":"https:\/\/jadranovo.com\/de\/wp-json\/wp\/v2\/pages\/1595"}],"collection":[{"href":"https:\/\/jadranovo.com\/de\/wp-json\/wp\/v2\/pages"}],"about":[{"href":"https:\/\/jadranovo.com\/de\/wp-json\/wp\/v2\/types\/page"}],"author":[{"embeddable":true,"href":"https:\/\/jadranovo.com\/de\/wp-json\/wp\/v2\/users\/1"}],"replies":[{"embeddable":true,"href":"https:\/\/jadranovo.com\/de\/wp-json\/wp\/v2\/comments?post=1595"}],"version-history":[{"count":4,"href":"https:\/\/jadranovo.com\/de\/wp-json\/wp\/v2\/pages\/1595\/revisions"}],"predecessor-version":[{"id":1682,"href":"https:\/\/jadranovo.com\/de\/wp-json\/wp\/v2\/pages\/1595\/revisions\/1682"}],"wp:attachment":[{"href":"https:\/\/jadranovo.com\/de\/wp-json\/wp\/v2\/media?parent=1595"}],"curies":[{"name":"wp","href":"https:\/\/api.w.org\/{rel}","templated":true}]}}